{"id":1364,"date":"2022-05-03T11:19:28","date_gmt":"2022-05-03T11:19:28","guid":{"rendered":"http:\/\/tiendabaldini.com.ar\/?post_type=product&#038;p=1364"},"modified":"2022-05-05T05:27:32","modified_gmt":"2022-05-05T05:27:32","slug":"hemomax-frasco-x-50cc-3582","status":"publish","type":"product","link":"https:\/\/tiendabaldini.com.ar\/index.php\/product\/hemomax-frasco-x-50cc-3582\/","title":{"rendered":"HEMOMAX Frasco x 50cc (3582)"},"content":{"rendered":"<p><strong>Descripci\u00f3n:<\/strong><\/p>\n<div class=\"product-short-description\">\n<p>Soluci\u00f3n inyectable con vitaminas del complejo B, amino\u00e1cidos y minerales, especialmente formulada para el caballo deportivo.<\/p>\n<p><strong>Indicaciones:<\/strong><\/p>\n<\/div>\n<p>Para alcanzar y mantener los niveles \u00f3ptimos del hematocrito y la hemoglobina, en casos de anemia. Reconstituyente en convalecencias de distintos tipos de enfermedades, neuropat\u00edas en general. Promotor del apetito y el crecimiento. Prevenci\u00f3n y tratamiento de animales d\u00e9biles o exhaustos, como soporte a la terapia antibi\u00f3tica y en el estr\u00e9s de distinto origen del caballo deportivo. Despu\u00e9s de las competencias y ejercicios intensos para reemplazar los m\u00e1s importantes nutrientes. Durante el entrenamiento, para acelerar el tiempo de recuperaci\u00f3n. Suplemento de todas las soluciones inyectables endovenosas, como amino\u00e1cidos, vitaminas, electrolitos y dextrosa.<\/p>\n<p><strong>Presentaci\u00f3n:<\/strong><\/p>\n<ul>\n<li>Frasco ampolla x 50 ml.<\/li>\n<\/ul>\n","protected":false},"excerpt":{"rendered":"<p><strong>Descripci\u00f3n:<\/strong><\/p>\n<div class=\"product-short-description\">\n<p>Soluci\u00f3n inyectable con vitaminas del complejo B, amino\u00e1cidos y minerales, especialmente formulada para el caballo deportivo.<\/p>\n<p><strong>Indicaciones:<\/strong><\/p>\n<\/div>\n<p>Para alcanzar y mantener los niveles \u00f3ptimos del hematocrito y la hemoglobina, en casos de anemia. Reconstituyente en convalecencias de distintos tipos de enfermedades, neuropat\u00edas en general. Promotor del apetito y el crecimiento. Prevenci\u00f3n y tratamiento de animales d\u00e9biles o exhaustos, como soporte a la terapia antibi\u00f3tica y en el estr\u00e9s de distinto origen del caballo deportivo. Despu\u00e9s de las competencias y ejercicios intensos para reemplazar los m\u00e1s importantes nutrientes. Durante el entrenamiento, para acelerar el tiempo de recuperaci\u00f3n. Suplemento de todas las soluciones inyectables endovenosas, como amino\u00e1cidos, vitaminas, electrolitos y dextrosa.<\/p>\n<p><strong>Presentaci\u00f3n:<\/strong><\/p>\n<ul>\n<li>Frasco ampolla x 50 ml.<\/li>\n<\/ul>\n","protected":false},"featured_media":1365,"template":"","meta":[],"product_cat":[354,196,194,19],"product_tag":[161,355,112,45],"_links":{"self":[{"href":"https:\/\/tiendabaldini.com.ar\/index.php\/wp-json\/wp\/v2\/product\/1364"}],"collection":[{"href":"https:\/\/tiendabaldini.com.ar\/index.php\/wp-json\/wp\/v2\/product"}],"about":[{"href":"https:\/\/tiendabaldini.com.ar\/index.php\/wp-json\/wp\/v2\/types\/product"}],"wp:featuredmedia":[{"embeddable":true,"href":"https:\/\/tiendabaldini.com.ar\/index.php\/wp-json\/wp\/v2\/media\/1365"}],"wp:attachment":[{"href":"https:\/\/tiendabaldini.com.ar\/index.php\/wp-json\/wp\/v2\/media?parent=1364"}],"wp:term":[{"taxonomy":"product_cat","embeddable":true,"href":"https:\/\/tiendabaldini.com.ar\/index.php\/wp-json\/wp\/v2\/product_cat?post=1364"},{"taxonomy":"product_tag","embeddable":true,"href":"https:\/\/tiendabaldini.com.ar\/index.php\/wp-json\/wp\/v2\/product_tag?post=1364"}],"curies":[{"name":"wp","href":"https:\/\/api.w.org\/{rel}","templated":true}]}}