{"id":1361,"date":"2022-05-03T11:11:48","date_gmt":"2022-05-03T11:11:48","guid":{"rendered":"http:\/\/tiendabaldini.com.ar\/?post_type=product&#038;p=1361"},"modified":"2022-05-05T05:27:48","modified_gmt":"2022-05-05T05:27:48","slug":"amikavet-fco-x-50cc-3589","status":"publish","type":"product","link":"https:\/\/tiendabaldini.com.ar\/index.php\/product\/amikavet-fco-x-50cc-3589\/","title":{"rendered":"Amikavet Fco x 50cc (3589)"},"content":{"rendered":"<p><strong>Descripci\u00f3n:<\/strong><\/p>\n<div class=\"product-short-description\">\n<p>Antibi\u00f3tico de amplio espectro.\u00a0La amikacina es un antibi\u00f3tico aminogluc\u00f3sido semisint\u00e9tico derivado de la kanamicina.<\/p>\n<p><strong>Indicaciones:<\/strong><\/p>\n<\/div>\n<p>Indicado en equinos, caninos y felinos, en todas las infecciones de los sistemas respiratorio, digestivo, genitourinario y osteoarticular causadas por bacterias Gram+ y Gram- sensibles a la amikacina.<\/p>\n<p><strong>Presentaci\u00f3n:<\/strong><\/p>\n<ul>\n<li>Frasco ampolla x 50 ml.<\/li>\n<\/ul>\n","protected":false},"excerpt":{"rendered":"<p><strong>Descripci\u00f3n:<\/strong><\/p>\n<div class=\"product-short-description\">\n<p>Antibi\u00f3tico de amplio espectro.\u00a0La amikacina es un antibi\u00f3tico aminogluc\u00f3sido semisint\u00e9tico derivado de la kanamicina.<\/p>\n<p><strong>Indicaciones:<\/strong><\/p>\n<\/div>\n<p>Indicado en equinos, caninos y felinos, en todas las infecciones de los sistemas respiratorio, digestivo, genitourinario y osteoarticular causadas por bacterias Gram+ y Gram- sensibles a la amikacina.<\/p>\n<p><strong>Presentaci\u00f3n:<\/strong><\/p>\n<ul>\n<li>Frasco ampolla x 50 ml.<\/li>\n<\/ul>\n","protected":false},"featured_media":1362,"template":"","meta":[],"product_cat":[354,196,19,29],"product_tag":[356,75,355],"_links":{"self":[{"href":"https:\/\/tiendabaldini.com.ar\/index.php\/wp-json\/wp\/v2\/product\/1361"}],"collection":[{"href":"https:\/\/tiendabaldini.com.ar\/index.php\/wp-json\/wp\/v2\/product"}],"about":[{"href":"https:\/\/tiendabaldini.com.ar\/index.php\/wp-json\/wp\/v2\/types\/product"}],"wp:featuredmedia":[{"embeddable":true,"href":"https:\/\/tiendabaldini.com.ar\/index.php\/wp-json\/wp\/v2\/media\/1362"}],"wp:attachment":[{"href":"https:\/\/tiendabaldini.com.ar\/index.php\/wp-json\/wp\/v2\/media?parent=1361"}],"wp:term":[{"taxonomy":"product_cat","embeddable":true,"href":"https:\/\/tiendabaldini.com.ar\/index.php\/wp-json\/wp\/v2\/product_cat?post=1361"},{"taxonomy":"product_tag","embeddable":true,"href":"https:\/\/tiendabaldini.com.ar\/index.php\/wp-json\/wp\/v2\/product_tag?post=1361"}],"curies":[{"name":"wp","href":"https:\/\/api.w.org\/{rel}","templated":true}]}}