{"id":1354,"date":"2022-05-03T10:53:30","date_gmt":"2022-05-03T10:53:30","guid":{"rendered":"http:\/\/tiendabaldini.com.ar\/?post_type=product&#038;p=1354"},"modified":"2022-05-05T05:28:10","modified_gmt":"2022-05-05T05:28:10","slug":"ioduro-de-sodio-x-50cc-inmunovet-rio-0819","status":"publish","type":"product","link":"https:\/\/tiendabaldini.com.ar\/index.php\/product\/ioduro-de-sodio-x-50cc-inmunovet-rio-0819\/","title":{"rendered":"IODURO DE SODIO x 50cc INMUNOVET \/RIO (0819)"},"content":{"rendered":"<p><strong>Descripci\u00f3n:<\/strong><\/p>\n<div class=\"product-short-description\">\n<p>Antis\u00e9ptico y quimioter\u00e1pico. Actinomic\u00f3tico. Actinobacil\u00f3sico.<\/p>\n<p><strong>Indicaciones:<\/strong><\/p>\n<\/div>\n<p>Control y tratamiento de actinomicosis y actinobacilosis.<\/p>\n<p><strong>Presentaci\u00f3n:<\/strong><\/p>\n<ul>\n<li>Frasco x 50 ml.<\/li>\n<\/ul>\n","protected":false},"excerpt":{"rendered":"<p><strong>Descripci\u00f3n:<\/strong><\/p>\n<div class=\"product-short-description\">\n<p>Antis\u00e9ptico y quimioter\u00e1pico. Actinomic\u00f3tico. Actinobacil\u00f3sico.<\/p>\n<p><strong>Indicaciones:<\/strong><\/p>\n<\/div>\n<p>Control y tratamiento de actinomicosis y actinobacilosis.<\/p>\n<p><strong>Presentaci\u00f3n:<\/strong><\/p>\n<ul>\n<li>Frasco x 50 ml.<\/li>\n<\/ul>\n","protected":false},"featured_media":1355,"template":"","meta":[],"product_cat":[188,342,196,19],"product_tag":[350,349,60,343],"_links":{"self":[{"href":"https:\/\/tiendabaldini.com.ar\/index.php\/wp-json\/wp\/v2\/product\/1354"}],"collection":[{"href":"https:\/\/tiendabaldini.com.ar\/index.php\/wp-json\/wp\/v2\/product"}],"about":[{"href":"https:\/\/tiendabaldini.com.ar\/index.php\/wp-json\/wp\/v2\/types\/product"}],"wp:featuredmedia":[{"embeddable":true,"href":"https:\/\/tiendabaldini.com.ar\/index.php\/wp-json\/wp\/v2\/media\/1355"}],"wp:attachment":[{"href":"https:\/\/tiendabaldini.com.ar\/index.php\/wp-json\/wp\/v2\/media?parent=1354"}],"wp:term":[{"taxonomy":"product_cat","embeddable":true,"href":"https:\/\/tiendabaldini.com.ar\/index.php\/wp-json\/wp\/v2\/product_cat?post=1354"},{"taxonomy":"product_tag","embeddable":true,"href":"https:\/\/tiendabaldini.com.ar\/index.php\/wp-json\/wp\/v2\/product_tag?post=1354"}],"curies":[{"name":"wp","href":"https:\/\/api.w.org\/{rel}","templated":true}]}}