{"id":1343,"date":"2022-05-03T10:32:58","date_gmt":"2022-05-03T10:32:58","guid":{"rendered":"http:\/\/tiendabaldini.com.ar\/?post_type=product&#038;p=1343"},"modified":"2022-05-05T05:29:15","modified_gmt":"2022-05-05T05:29:15","slug":"tonico-potente-x-1-lt-0787","status":"publish","type":"product","link":"https:\/\/tiendabaldini.com.ar\/index.php\/product\/tonico-potente-x-1-lt-0787\/","title":{"rendered":"TONICO POTENTE x 1 LT (0787)"},"content":{"rendered":"<p><strong>Descripci\u00f3n:<\/strong><\/p>\n<div class=\"product-short-description\">\n<p>Polivitam\u00ednico-mineral concentrado. Oral.<\/p>\n<p><strong>Indicaciones:<\/strong><\/p>\n<\/div>\n<p>Estimula el apetito en animales inapetentes o debilitados. Convalecencia de enfermedades infecciosas y parasitarias. Vigorizante para animales sometidos a training intenso. Coadyuva al tratamiento y prevenci\u00f3n de la sobrecarga hep\u00e1tica-medicamentosa, infecciosa o t\u00f3xica. Suplemento a la medicaci\u00f3n inyectable con vitamina B12, \u00e1cido f\u00f3lico, hierro, cobre y cobalto para tratamiento de las anemias. Apuntalar el desarrollo y r\u00e1pido crecimiento de animales en desarrollo. Coadyuvante natural para tratar la impotencia y frigidez sexual. Estabilidad garantizada por antioxidantes.<\/p>\n<p><strong>Presentaci\u00f3n:<\/strong><\/p>\n<ul>\n<li>Envase x 1 L.<\/li>\n<\/ul>\n","protected":false},"excerpt":{"rendered":"<p><strong>Descripci\u00f3n:<\/strong><\/p>\n<div class=\"product-short-description\">\n<p>Polivitam\u00ednico-mineral concentrado. Oral.<\/p>\n<p><strong>Indicaciones:<\/strong><\/p>\n<\/div>\n<p>Estimula el apetito en animales inapetentes o debilitados. Convalecencia de enfermedades infecciosas y parasitarias. Vigorizante para animales sometidos a training intenso. Coadyuva al tratamiento y prevenci\u00f3n de la sobrecarga hep\u00e1tica-medicamentosa, infecciosa o t\u00f3xica. Suplemento a la medicaci\u00f3n inyectable con vitamina B12, \u00e1cido f\u00f3lico, hierro, cobre y cobalto para tratamiento de las anemias. Apuntalar el desarrollo y r\u00e1pido crecimiento de animales en desarrollo. Coadyuvante natural para tratar la impotencia y frigidez sexual. Estabilidad garantizada por antioxidantes.<\/p>\n<p><strong>Presentaci\u00f3n:<\/strong><\/p>\n<ul>\n<li>Envase x 1 L.<\/li>\n<\/ul>\n","protected":false},"featured_media":1344,"template":"","meta":[],"product_cat":[321,196,194,19],"product_tag":[292,322,45],"_links":{"self":[{"href":"https:\/\/tiendabaldini.com.ar\/index.php\/wp-json\/wp\/v2\/product\/1343"}],"collection":[{"href":"https:\/\/tiendabaldini.com.ar\/index.php\/wp-json\/wp\/v2\/product"}],"about":[{"href":"https:\/\/tiendabaldini.com.ar\/index.php\/wp-json\/wp\/v2\/types\/product"}],"wp:featuredmedia":[{"embeddable":true,"href":"https:\/\/tiendabaldini.com.ar\/index.php\/wp-json\/wp\/v2\/media\/1344"}],"wp:attachment":[{"href":"https:\/\/tiendabaldini.com.ar\/index.php\/wp-json\/wp\/v2\/media?parent=1343"}],"wp:term":[{"taxonomy":"product_cat","embeddable":true,"href":"https:\/\/tiendabaldini.com.ar\/index.php\/wp-json\/wp\/v2\/product_cat?post=1343"},{"taxonomy":"product_tag","embeddable":true,"href":"https:\/\/tiendabaldini.com.ar\/index.php\/wp-json\/wp\/v2\/product_tag?post=1343"}],"curies":[{"name":"wp","href":"https:\/\/api.w.org\/{rel}","templated":true}]}}