{"id":1334,"date":"2022-05-03T10:09:53","date_gmt":"2022-05-03T10:09:53","guid":{"rendered":"http:\/\/tiendabaldini.com.ar\/?post_type=product&#038;p=1334"},"modified":"2022-05-05T05:30:11","modified_gmt":"2022-05-05T05:30:11","slug":"solucomplex-b-iny-0780","status":"publish","type":"product","link":"https:\/\/tiendabaldini.com.ar\/index.php\/product\/solucomplex-b-iny-0780\/","title":{"rendered":"SOLUCOMPLEX -B iny. (0780)"},"content":{"rendered":"<p><strong>Descripci\u00f3n:<\/strong><\/p>\n<div class=\"product-short-description\">\n<p>Complejo B. Vigorizante general.<\/p>\n<p><strong>Indicaciones:<\/strong><\/p>\n<\/div>\n<p>Astenia, cansancio, estr\u00e9s, anemias de diversas etiolog\u00edas. Neuritis, trastornos de crecimiento. Avitaminosis. Posterior a intervenciones quir\u00fargicas, en enfermedades infecto contagiosas. Espec\u00edfico para la preparaci\u00f3n del equino deportivo.<\/p>\n<p><strong>Presentaci\u00f3n:<\/strong><\/p>\n<ul>\n<li>Envase x 90 ml.<\/li>\n<\/ul>\n","protected":false},"excerpt":{"rendered":"<p><strong>Descripci\u00f3n:<\/strong><\/p>\n<div class=\"product-short-description\">\n<p>Complejo B. Vigorizante general.<\/p>\n<p><strong>Indicaciones:<\/strong><\/p>\n<\/div>\n<p>Astenia, cansancio, estr\u00e9s, anemias de diversas etiolog\u00edas. Neuritis, trastornos de crecimiento. Avitaminosis. Posterior a intervenciones quir\u00fargicas, en enfermedades infecto contagiosas. Espec\u00edfico para la preparaci\u00f3n del equino deportivo.<\/p>\n<p><strong>Presentaci\u00f3n:<\/strong><\/p>\n<ul>\n<li>Envase x 90 ml.<\/li>\n<\/ul>\n","protected":false},"featured_media":1335,"template":"","meta":[],"product_cat":[321,196,194,19],"product_tag":[325,338,161,292,339,322,337,45],"_links":{"self":[{"href":"https:\/\/tiendabaldini.com.ar\/index.php\/wp-json\/wp\/v2\/product\/1334"}],"collection":[{"href":"https:\/\/tiendabaldini.com.ar\/index.php\/wp-json\/wp\/v2\/product"}],"about":[{"href":"https:\/\/tiendabaldini.com.ar\/index.php\/wp-json\/wp\/v2\/types\/product"}],"wp:featuredmedia":[{"embeddable":true,"href":"https:\/\/tiendabaldini.com.ar\/index.php\/wp-json\/wp\/v2\/media\/1335"}],"wp:attachment":[{"href":"https:\/\/tiendabaldini.com.ar\/index.php\/wp-json\/wp\/v2\/media?parent=1334"}],"wp:term":[{"taxonomy":"product_cat","embeddable":true,"href":"https:\/\/tiendabaldini.com.ar\/index.php\/wp-json\/wp\/v2\/product_cat?post=1334"},{"taxonomy":"product_tag","embeddable":true,"href":"https:\/\/tiendabaldini.com.ar\/index.php\/wp-json\/wp\/v2\/product_tag?post=1334"}],"curies":[{"name":"wp","href":"https:\/\/api.w.org\/{rel}","templated":true}]}}