{"id":1326,"date":"2022-05-03T09:55:35","date_gmt":"2022-05-03T09:55:35","guid":{"rendered":"http:\/\/tiendabaldini.com.ar\/?post_type=product&#038;p=1326"},"modified":"2022-05-05T05:34:00","modified_gmt":"2022-05-05T05:34:00","slug":"kilotone-0774","status":"publish","type":"product","link":"https:\/\/tiendabaldini.com.ar\/index.php\/product\/kilotone-0774\/","title":{"rendered":"KILOTONE (0774)"},"content":{"rendered":"<p><strong>Descripci\u00f3n:<\/strong><\/p>\n<div class=\"product-short-description\">\n<p>Complemento hiperenerg\u00e9tico.<\/p>\n<p><strong>Indicaciones:<\/strong><\/p>\n<\/div>\n<p>En todos los casos donde es necesario un fuerte aporte energ\u00e9tico por producci\u00f3n de \u00e1cido l\u00e1ctico en caballos sometidos a una intensa actividad deportiva. Para prevenir la acidosis muscular provocada por el transporte.<\/p>\n<p><strong>Presentaci\u00f3n:<\/strong><\/p>\n<ul>\n<li>Envase<\/li>\n<\/ul>\n","protected":false},"excerpt":{"rendered":"<p><strong>Descripci\u00f3n:<\/strong><\/p>\n<div class=\"product-short-description\">\n<p>Complemento hiperenerg\u00e9tico.<\/p>\n<p><strong>Indicaciones:<\/strong><\/p>\n<\/div>\n<p>En todos los casos donde es necesario un fuerte aporte energ\u00e9tico por producci\u00f3n de \u00e1cido l\u00e1ctico en caballos sometidos a una intensa actividad deportiva. Para prevenir la acidosis muscular provocada por el transporte.<\/p>\n<p><strong>Presentaci\u00f3n:<\/strong><\/p>\n<ul>\n<li>Envase<\/li>\n<\/ul>\n","protected":false},"featured_media":1327,"template":"","meta":[],"product_cat":[190,321,196,19],"product_tag":[51,292,322],"_links":{"self":[{"href":"https:\/\/tiendabaldini.com.ar\/index.php\/wp-json\/wp\/v2\/product\/1326"}],"collection":[{"href":"https:\/\/tiendabaldini.com.ar\/index.php\/wp-json\/wp\/v2\/product"}],"about":[{"href":"https:\/\/tiendabaldini.com.ar\/index.php\/wp-json\/wp\/v2\/types\/product"}],"wp:featuredmedia":[{"embeddable":true,"href":"https:\/\/tiendabaldini.com.ar\/index.php\/wp-json\/wp\/v2\/media\/1327"}],"wp:attachment":[{"href":"https:\/\/tiendabaldini.com.ar\/index.php\/wp-json\/wp\/v2\/media?parent=1326"}],"wp:term":[{"taxonomy":"product_cat","embeddable":true,"href":"https:\/\/tiendabaldini.com.ar\/index.php\/wp-json\/wp\/v2\/product_cat?post=1326"},{"taxonomy":"product_tag","embeddable":true,"href":"https:\/\/tiendabaldini.com.ar\/index.php\/wp-json\/wp\/v2\/product_tag?post=1326"}],"curies":[{"name":"wp","href":"https:\/\/api.w.org\/{rel}","templated":true}]}}