{"id":1319,"date":"2022-05-03T09:48:20","date_gmt":"2022-05-03T09:48:20","guid":{"rendered":"http:\/\/tiendabaldini.com.ar\/?post_type=product&#038;p=1319"},"modified":"2022-05-05T05:53:07","modified_gmt":"2022-05-05T05:53:07","slug":"hepamet-oral-x-1-lt-0766","status":"publish","type":"product","link":"https:\/\/tiendabaldini.com.ar\/index.php\/product\/hepamet-oral-x-1-lt-0766\/","title":{"rendered":"HEPAMET ORAL X 1 LT (0766)"},"content":{"rendered":"<p><strong>Descripci\u00f3n:<\/strong><\/p>\n<div class=\"product-short-description\">\n<p>Hepatoprotector (bucal).<\/p>\n<p><strong>Indicaciones:<\/strong><\/p>\n<\/div>\n<p>Hepatitis, intoxicaciones alimenticias o medicamentosas, incrementa la funci\u00f3n antit\u00f3xica del h\u00edgado.<\/p>\n<p><strong>Presentaci\u00f3n:<\/strong><\/p>\n<ul>\n<li>Envase x 1 L.<\/li>\n<\/ul>\n","protected":false},"excerpt":{"rendered":"<p><strong>Descripci\u00f3n:<\/strong><\/p>\n<div class=\"product-short-description\">\n<p>Hepatoprotector (bucal).<\/p>\n<p><strong>Indicaciones:<\/strong><\/p>\n<\/div>\n<p>Hepatitis, intoxicaciones alimenticias o medicamentosas, incrementa la funci\u00f3n antit\u00f3xica del h\u00edgado.<\/p>\n<p><strong>Presentaci\u00f3n:<\/strong><\/p>\n<ul>\n<li>Envase x 1 L.<\/li>\n<\/ul>\n","protected":false},"featured_media":1320,"template":"","meta":[],"product_cat":[189,321,196,19],"product_tag":[292,90,322,332],"_links":{"self":[{"href":"https:\/\/tiendabaldini.com.ar\/index.php\/wp-json\/wp\/v2\/product\/1319"}],"collection":[{"href":"https:\/\/tiendabaldini.com.ar\/index.php\/wp-json\/wp\/v2\/product"}],"about":[{"href":"https:\/\/tiendabaldini.com.ar\/index.php\/wp-json\/wp\/v2\/types\/product"}],"wp:featuredmedia":[{"embeddable":true,"href":"https:\/\/tiendabaldini.com.ar\/index.php\/wp-json\/wp\/v2\/media\/1320"}],"wp:attachment":[{"href":"https:\/\/tiendabaldini.com.ar\/index.php\/wp-json\/wp\/v2\/media?parent=1319"}],"wp:term":[{"taxonomy":"product_cat","embeddable":true,"href":"https:\/\/tiendabaldini.com.ar\/index.php\/wp-json\/wp\/v2\/product_cat?post=1319"},{"taxonomy":"product_tag","embeddable":true,"href":"https:\/\/tiendabaldini.com.ar\/index.php\/wp-json\/wp\/v2\/product_tag?post=1319"}],"curies":[{"name":"wp","href":"https:\/\/api.w.org\/{rel}","templated":true}]}}