{"id":1312,"date":"2022-05-03T08:51:51","date_gmt":"2022-05-03T08:51:51","guid":{"rendered":"http:\/\/tiendabaldini.com.ar\/?post_type=product&#038;p=1312"},"modified":"2022-05-05T05:53:39","modified_gmt":"2022-05-05T05:53:39","slug":"dina-b15-0760","status":"publish","type":"product","link":"https:\/\/tiendabaldini.com.ar\/index.php\/product\/dina-b15-0760\/","title":{"rendered":"DINA B15 (0760)"},"content":{"rendered":"<p><strong>Descripci\u00f3n:<\/strong><\/p>\n<div class=\"product-short-description\">\n<p>Energ\u00e9tico. Asociaci\u00f3n vitam\u00ednica y desfatigante. Act\u00faa como neurot\u00f3nico, energ\u00e9tico y antit\u00f3xico muscular.<\/p>\n<p><strong>Indicaciones:<\/strong><\/p>\n<\/div>\n<p>Especialmente indicado en la preparaci\u00f3n del equino deportivo. Estimulante del flujo sangu\u00edneo muscular y vasoactivo coronario. En agotamiento, stress, post cirug\u00eda y trastornos cardiocirculatorios. Previene el agotamiento por ejercicio.<\/p>\n<p><strong>Presentaci\u00f3n:<\/strong><\/p>\n<ul>\n<li>Caja x 1 unidad (polvo + diluyente)<\/li>\n<\/ul>\n","protected":false},"excerpt":{"rendered":"<p><strong>Descripci\u00f3n:<\/strong><\/p>\n<div class=\"product-short-description\">\n<p>Energ\u00e9tico. Asociaci\u00f3n vitam\u00ednica y desfatigante. Act\u00faa como neurot\u00f3nico, energ\u00e9tico y antit\u00f3xico muscular.<\/p>\n<p><strong>Indicaciones:<\/strong><\/p>\n<\/div>\n<p>Especialmente indicado en la preparaci\u00f3n del equino deportivo. Estimulante del flujo sangu\u00edneo muscular y vasoactivo coronario. En agotamiento, stress, post cirug\u00eda y trastornos cardiocirculatorios. Previene el agotamiento por ejercicio.<\/p>\n<p><strong>Presentaci\u00f3n:<\/strong><\/p>\n<ul>\n<li>Caja x 1 unidad (polvo + diluyente)<\/li>\n<\/ul>\n","protected":false},"featured_media":1313,"template":"","meta":[],"product_cat":[190,321,196,194,19],"product_tag":[324,96,97,292,322,45],"_links":{"self":[{"href":"https:\/\/tiendabaldini.com.ar\/index.php\/wp-json\/wp\/v2\/product\/1312"}],"collection":[{"href":"https:\/\/tiendabaldini.com.ar\/index.php\/wp-json\/wp\/v2\/product"}],"about":[{"href":"https:\/\/tiendabaldini.com.ar\/index.php\/wp-json\/wp\/v2\/types\/product"}],"wp:featuredmedia":[{"embeddable":true,"href":"https:\/\/tiendabaldini.com.ar\/index.php\/wp-json\/wp\/v2\/media\/1313"}],"wp:attachment":[{"href":"https:\/\/tiendabaldini.com.ar\/index.php\/wp-json\/wp\/v2\/media?parent=1312"}],"wp:term":[{"taxonomy":"product_cat","embeddable":true,"href":"https:\/\/tiendabaldini.com.ar\/index.php\/wp-json\/wp\/v2\/product_cat?post=1312"},{"taxonomy":"product_tag","embeddable":true,"href":"https:\/\/tiendabaldini.com.ar\/index.php\/wp-json\/wp\/v2\/product_tag?post=1312"}],"curies":[{"name":"wp","href":"https:\/\/api.w.org\/{rel}","templated":true}]}}