{"id":1288,"date":"2022-05-03T07:53:47","date_gmt":"2022-05-03T07:53:47","guid":{"rendered":"http:\/\/tiendabaldini.com.ar\/?post_type=product&#038;p=1288"},"modified":"2022-05-05T05:55:49","modified_gmt":"2022-05-05T05:55:49","slug":"atomo-desinflam-x-200-0808","status":"publish","type":"product","link":"https:\/\/tiendabaldini.com.ar\/index.php\/product\/atomo-desinflam-x-200-0808\/","title":{"rendered":"ATOMO DESINFLAM. X 200 (0808)"},"content":{"rendered":"<p><strong>Descripci\u00f3n:<\/strong><\/p>\n<div class=\"product-short-description\">\n<p>Analg\u00e9sico local. Rubefaciente. Antiinflamatorio. Crema de uso t\u00f3pico.<\/p>\n<p><strong>Indicaciones:<\/strong><\/p>\n<\/div>\n<p>Alivio sintom\u00e1tico del dolor y la inflamaci\u00f3n localizada. En procesos inflamatorios y dolorosos del aparato locomotor, como inflamaci\u00f3n de tendones, m\u00fasculos, articulaciones y ligamentos, provocados por torceduras o traumatismos.<\/p>\n<p><strong>Presentaci\u00f3n:<\/strong><\/p>\n<ul>\n<li>Pote x 200 grs.<\/li>\n<\/ul>\n","protected":false},"excerpt":{"rendered":"<p><strong>Descripci\u00f3n:<\/strong><\/p>\n<div class=\"product-short-description\">\n<p>Analg\u00e9sico local. Rubefaciente. Antiinflamatorio. Crema de uso t\u00f3pico.<\/p>\n<p><strong>Indicaciones:<\/strong><\/p>\n<\/div>\n<p>Alivio sintom\u00e1tico del dolor y la inflamaci\u00f3n localizada. En procesos inflamatorios y dolorosos del aparato locomotor, como inflamaci\u00f3n de tendones, m\u00fasculos, articulaciones y ligamentos, provocados por torceduras o traumatismos.<\/p>\n<p><strong>Presentaci\u00f3n:<\/strong><\/p>\n<ul>\n<li>Pote x 200 grs.<\/li>\n<\/ul>\n","protected":false},"featured_media":1289,"template":"","meta":[],"product_cat":[315,196,19,28],"product_tag":[79,38,316,317],"_links":{"self":[{"href":"https:\/\/tiendabaldini.com.ar\/index.php\/wp-json\/wp\/v2\/product\/1288"}],"collection":[{"href":"https:\/\/tiendabaldini.com.ar\/index.php\/wp-json\/wp\/v2\/product"}],"about":[{"href":"https:\/\/tiendabaldini.com.ar\/index.php\/wp-json\/wp\/v2\/types\/product"}],"wp:featuredmedia":[{"embeddable":true,"href":"https:\/\/tiendabaldini.com.ar\/index.php\/wp-json\/wp\/v2\/media\/1289"}],"wp:attachment":[{"href":"https:\/\/tiendabaldini.com.ar\/index.php\/wp-json\/wp\/v2\/media?parent=1288"}],"wp:term":[{"taxonomy":"product_cat","embeddable":true,"href":"https:\/\/tiendabaldini.com.ar\/index.php\/wp-json\/wp\/v2\/product_cat?post=1288"},{"taxonomy":"product_tag","embeddable":true,"href":"https:\/\/tiendabaldini.com.ar\/index.php\/wp-json\/wp\/v2\/product_tag?post=1288"}],"curies":[{"name":"wp","href":"https:\/\/api.w.org\/{rel}","templated":true}]}}