{"id":1282,"date":"2022-05-03T07:22:42","date_gmt":"2022-05-03T07:22:42","guid":{"rendered":"http:\/\/tiendabaldini.com.ar\/?post_type=product&#038;p=1282"},"modified":"2022-05-05T05:56:26","modified_gmt":"2022-05-05T05:56:26","slug":"super-shine-white-1964","status":"publish","type":"product","link":"https:\/\/tiendabaldini.com.ar\/index.php\/product\/super-shine-white-1964\/","title":{"rendered":"SUPER SHINE WHITE (1964)"},"content":{"rendered":"<p><strong>Descripci\u00f3n:<\/strong><\/p>\n<div class=\"product-short-description\">\n<p>Esmalte y sellador para cascos. Acabado Natural S\u00faper Brillante. F\u00f3rmula de secado r\u00e1pido.<\/p>\n<p><strong>Indicaciones:<\/strong><\/p>\n<\/div>\n<p>Ideal para concursos y competiciones. Ayuda a evitar que la suciedad y el polvo se asienten. Crea un acabado s\u00faper brillante. Sella e impermeabiliza el casco en climas h\u00famedos o suelos mojados o mal drenados. Endurece cascos blandos (por su acci\u00f3n impermeabilizante).<\/p>\n<p><strong>Presentaci\u00f3n:<\/strong><\/p>\n<ul>\n<li>Frasco x 237 ml \/ con cepillo.<\/li>\n<\/ul>\n","protected":false},"excerpt":{"rendered":"<p><strong>Descripci\u00f3n:<\/strong><\/p>\n<div class=\"product-short-description\">\n<p>Esmalte y sellador para cascos. Acabado Natural S\u00faper Brillante. F\u00f3rmula de secado r\u00e1pido.<\/p>\n<p><strong>Indicaciones:<\/strong><\/p>\n<\/div>\n<p>Ideal para concursos y competiciones. Ayuda a evitar que la suciedad y el polvo se asienten. Crea un acabado s\u00faper brillante. Sella e impermeabiliza el casco en climas h\u00famedos o suelos mojados o mal drenados. Endurece cascos blandos (por su acci\u00f3n impermeabilizante).<\/p>\n<p><strong>Presentaci\u00f3n:<\/strong><\/p>\n<ul>\n<li>Frasco x 237 ml \/ con cepillo.<\/li>\n<\/ul>\n","protected":false},"featured_media":1283,"template":"","meta":[],"product_cat":[217,308,215,196],"product_tag":[240,313,309,314],"_links":{"self":[{"href":"https:\/\/tiendabaldini.com.ar\/index.php\/wp-json\/wp\/v2\/product\/1282"}],"collection":[{"href":"https:\/\/tiendabaldini.com.ar\/index.php\/wp-json\/wp\/v2\/product"}],"about":[{"href":"https:\/\/tiendabaldini.com.ar\/index.php\/wp-json\/wp\/v2\/types\/product"}],"wp:featuredmedia":[{"embeddable":true,"href":"https:\/\/tiendabaldini.com.ar\/index.php\/wp-json\/wp\/v2\/media\/1283"}],"wp:attachment":[{"href":"https:\/\/tiendabaldini.com.ar\/index.php\/wp-json\/wp\/v2\/media?parent=1282"}],"wp:term":[{"taxonomy":"product_cat","embeddable":true,"href":"https:\/\/tiendabaldini.com.ar\/index.php\/wp-json\/wp\/v2\/product_cat?post=1282"},{"taxonomy":"product_tag","embeddable":true,"href":"https:\/\/tiendabaldini.com.ar\/index.php\/wp-json\/wp\/v2\/product_tag?post=1282"}],"curies":[{"name":"wp","href":"https:\/\/api.w.org\/{rel}","templated":true}]}}