{"id":1265,"date":"2022-04-28T03:27:58","date_gmt":"2022-04-28T03:27:58","guid":{"rendered":"http:\/\/tiendabaldini.com.ar\/?post_type=product&#038;p=1265"},"modified":"2022-05-05T05:59:09","modified_gmt":"2022-05-05T05:59:09","slug":"atriben-x-20-ml-0732","status":"publish","type":"product","link":"https:\/\/tiendabaldini.com.ar\/index.php\/product\/atriben-x-20-ml-0732\/","title":{"rendered":"ATRIBEN X 20 ML (0732)"},"content":{"rendered":"<p><strong>Descripci\u00f3n:<\/strong><\/p>\n<div class=\"product-short-description\">\n<p>Suspensi\u00f3n glucocorticoidea de dep\u00f3sito. Inyectable. Antiinflamatorio esteroide. Antiprur\u00edtico. Antial\u00e9rgico. Inmunosupresi\u00f3n.<\/p>\n<p><strong>Indicaciones:<\/strong><\/p>\n<\/div>\n<p>Procesos inflamatorios: artritis traum\u00e1tica, tenosinovitis, miositis, etc. Dermatitis al\u00e9rgicas. Prurito inespec\u00edfico.<br \/>\nNeoplasias. Enfermedades autoinmunes.<\/p>\n<p><strong>Presentaci\u00f3n:<\/strong><\/p>\n<ul>\n<li>Frasco ampolla x 20 ml.<\/li>\n<\/ul>\n","protected":false},"excerpt":{"rendered":"<p><strong>Descripci\u00f3n:<\/strong><\/p>\n<div class=\"product-short-description\">\n<p>Suspensi\u00f3n glucocorticoidea de dep\u00f3sito. Inyectable. Antiinflamatorio esteroide. Antiprur\u00edtico. Antial\u00e9rgico. Inmunosupresi\u00f3n.<\/p>\n<p><strong>Indicaciones:<\/strong><\/p>\n<\/div>\n<p>Procesos inflamatorios: artritis traum\u00e1tica, tenosinovitis, miositis, etc. Dermatitis al\u00e9rgicas. Prurito inespec\u00edfico.<br \/>\nNeoplasias. Enfermedades autoinmunes.<\/p>\n<p><strong>Presentaci\u00f3n:<\/strong><\/p>\n<ul>\n<li>Frasco ampolla x 20 ml.<\/li>\n<\/ul>\n","protected":false},"featured_media":1266,"template":"","meta":[],"product_cat":[302,196,19,28],"product_tag":[164,38,305,303,78],"_links":{"self":[{"href":"https:\/\/tiendabaldini.com.ar\/index.php\/wp-json\/wp\/v2\/product\/1265"}],"collection":[{"href":"https:\/\/tiendabaldini.com.ar\/index.php\/wp-json\/wp\/v2\/product"}],"about":[{"href":"https:\/\/tiendabaldini.com.ar\/index.php\/wp-json\/wp\/v2\/types\/product"}],"wp:featuredmedia":[{"embeddable":true,"href":"https:\/\/tiendabaldini.com.ar\/index.php\/wp-json\/wp\/v2\/media\/1266"}],"wp:attachment":[{"href":"https:\/\/tiendabaldini.com.ar\/index.php\/wp-json\/wp\/v2\/media?parent=1265"}],"wp:term":[{"taxonomy":"product_cat","embeddable":true,"href":"https:\/\/tiendabaldini.com.ar\/index.php\/wp-json\/wp\/v2\/product_cat?post=1265"},{"taxonomy":"product_tag","embeddable":true,"href":"https:\/\/tiendabaldini.com.ar\/index.php\/wp-json\/wp\/v2\/product_tag?post=1265"}],"curies":[{"name":"wp","href":"https:\/\/api.w.org\/{rel}","templated":true}]}}