{"id":1261,"date":"2022-04-28T03:21:57","date_gmt":"2022-04-28T03:21:57","guid":{"rendered":"http:\/\/tiendabaldini.com.ar\/?post_type=product&#038;p=1261"},"modified":"2022-05-05T05:59:30","modified_gmt":"2022-05-05T05:59:30","slug":"acedan-gotas-0729","status":"publish","type":"product","link":"https:\/\/tiendabaldini.com.ar\/index.php\/product\/acedan-gotas-0729\/","title":{"rendered":"ACEDAN GOTAS (0729)"},"content":{"rendered":"<p><strong>Descripci\u00f3n:<\/strong><\/p>\n<div class=\"product-short-description\">\n<p>Tranquilizante neurol\u00e9ptico oral en gotas.<\/p>\n<p><strong>Indicaciones:<\/strong><\/p>\n<\/div>\n<p>Tranquilizar al animal ante est\u00edmulos excitantes del entorno. Facilitar el manejo del animal en maniobras cl\u00ednico-quir\u00fargicas y diagn\u00f3sticas. Evitar nauseas y v\u00f3mitos en viajes por su efecto anticinet\u00f3sico. Aliviar la excitabilidad por prurito. Pre medicaci\u00f3n anest\u00e9sica. Relajaci\u00f3n uretral. Reducir la tensi\u00f3n arterial.<\/p>\n<p><strong>Presentaci\u00f3n:<\/strong><\/p>\n<ul>\n<li>Frasco gotero x 10 ml.<\/li>\n<\/ul>\n","protected":false},"excerpt":{"rendered":"<p><strong>Descripci\u00f3n:<\/strong><\/p>\n<div class=\"product-short-description\">\n<p>Tranquilizante neurol\u00e9ptico oral en gotas.<\/p>\n<p><strong>Indicaciones:<\/strong><\/p>\n<\/div>\n<p>Tranquilizar al animal ante est\u00edmulos excitantes del entorno. Facilitar el manejo del animal en maniobras cl\u00ednico-quir\u00fargicas y diagn\u00f3sticas. Evitar nauseas y v\u00f3mitos en viajes por su efecto anticinet\u00f3sico. Aliviar la excitabilidad por prurito. Pre medicaci\u00f3n anest\u00e9sica. Relajaci\u00f3n uretral. Reducir la tensi\u00f3n arterial.<\/p>\n<p><strong>Presentaci\u00f3n:<\/strong><\/p>\n<ul>\n<li>Frasco gotero x 10 ml.<\/li>\n<\/ul>\n","protected":false},"featured_media":1262,"template":"","meta":[],"product_cat":[302,196,193,19],"product_tag":[303,304,124],"_links":{"self":[{"href":"https:\/\/tiendabaldini.com.ar\/index.php\/wp-json\/wp\/v2\/product\/1261"}],"collection":[{"href":"https:\/\/tiendabaldini.com.ar\/index.php\/wp-json\/wp\/v2\/product"}],"about":[{"href":"https:\/\/tiendabaldini.com.ar\/index.php\/wp-json\/wp\/v2\/types\/product"}],"wp:featuredmedia":[{"embeddable":true,"href":"https:\/\/tiendabaldini.com.ar\/index.php\/wp-json\/wp\/v2\/media\/1262"}],"wp:attachment":[{"href":"https:\/\/tiendabaldini.com.ar\/index.php\/wp-json\/wp\/v2\/media?parent=1261"}],"wp:term":[{"taxonomy":"product_cat","embeddable":true,"href":"https:\/\/tiendabaldini.com.ar\/index.php\/wp-json\/wp\/v2\/product_cat?post=1261"},{"taxonomy":"product_tag","embeddable":true,"href":"https:\/\/tiendabaldini.com.ar\/index.php\/wp-json\/wp\/v2\/product_tag?post=1261"}],"curies":[{"name":"wp","href":"https:\/\/api.w.org\/{rel}","templated":true}]}}