{"id":1257,"date":"2022-04-28T03:14:49","date_gmt":"2022-04-28T03:14:49","guid":{"rendered":"http:\/\/tiendabaldini.com.ar\/?post_type=product&#038;p=1257"},"modified":"2022-05-05T05:59:47","modified_gmt":"2022-05-05T05:59:47","slug":"open-air-3906","status":"publish","type":"product","link":"https:\/\/tiendabaldini.com.ar\/index.php\/product\/open-air-3906\/","title":{"rendered":"OPEN AIR (3906)"},"content":{"rendered":"<p><strong>Descripci\u00f3n:<\/strong><\/p>\n<div class=\"product-short-description\">\n<p>Expectorante. Mucol\u00edtico. Antis\u00e9ptico respiratorio. Bals\u00e1mico broncopulmonar.<\/p>\n<p><strong>Indicaciones:<\/strong><\/p>\n<\/div>\n<p>Afecciones agudas o cr\u00f3nicas del aparato respiratorio. Coadyuvante en el tratamiento de bronquitis, laringitis, neumon\u00edas, enfermedad pulmonar obstructiva cr\u00f3nica (EPOC), hemorragia pulmonar inducida (HPI). Puede asociarse a otros tratamientos respiratorios (Nebulizaciones, vaporizaciones, lavajes), seg\u00fan criterio profesional.<\/p>\n<p><strong>Presentaci\u00f3n:<\/strong><\/p>\n<ul>\n<li>\u00a0Envase x 500 ml.<\/li>\n<\/ul>\n","protected":false},"excerpt":{"rendered":"<p><strong>Descripci\u00f3n:<\/strong><\/p>\n<div class=\"product-short-description\">\n<p>Expectorante. Mucol\u00edtico. Antis\u00e9ptico respiratorio. Bals\u00e1mico broncopulmonar.<\/p>\n<p><strong>Indicaciones:<\/strong><\/p>\n<\/div>\n<p>Afecciones agudas o cr\u00f3nicas del aparato respiratorio. Coadyuvante en el tratamiento de bronquitis, laringitis, neumon\u00edas, enfermedad pulmonar obstructiva cr\u00f3nica (EPOC), hemorragia pulmonar inducida (HPI). Puede asociarse a otros tratamientos respiratorios (Nebulizaciones, vaporizaciones, lavajes), seg\u00fan criterio profesional.<\/p>\n<p><strong>Presentaci\u00f3n:<\/strong><\/p>\n<ul>\n<li>\u00a0Envase x 500 ml.<\/li>\n<\/ul>\n","protected":false},"featured_media":1258,"template":"","meta":[],"product_cat":[188,298,196,191,19],"product_tag":[60,175,92,299,85],"_links":{"self":[{"href":"https:\/\/tiendabaldini.com.ar\/index.php\/wp-json\/wp\/v2\/product\/1257"}],"collection":[{"href":"https:\/\/tiendabaldini.com.ar\/index.php\/wp-json\/wp\/v2\/product"}],"about":[{"href":"https:\/\/tiendabaldini.com.ar\/index.php\/wp-json\/wp\/v2\/types\/product"}],"wp:featuredmedia":[{"embeddable":true,"href":"https:\/\/tiendabaldini.com.ar\/index.php\/wp-json\/wp\/v2\/media\/1258"}],"wp:attachment":[{"href":"https:\/\/tiendabaldini.com.ar\/index.php\/wp-json\/wp\/v2\/media?parent=1257"}],"wp:term":[{"taxonomy":"product_cat","embeddable":true,"href":"https:\/\/tiendabaldini.com.ar\/index.php\/wp-json\/wp\/v2\/product_cat?post=1257"},{"taxonomy":"product_tag","embeddable":true,"href":"https:\/\/tiendabaldini.com.ar\/index.php\/wp-json\/wp\/v2\/product_tag?post=1257"}],"curies":[{"name":"wp","href":"https:\/\/api.w.org\/{rel}","templated":true}]}}