{"id":1251,"date":"2022-04-28T03:03:51","date_gmt":"2022-04-28T03:03:51","guid":{"rendered":"http:\/\/tiendabaldini.com.ar\/?post_type=product&#038;p=1251"},"modified":"2022-05-05T06:00:24","modified_gmt":"2022-05-05T06:00:24","slug":"amino-muscle-3838","status":"publish","type":"product","link":"https:\/\/tiendabaldini.com.ar\/index.php\/product\/amino-muscle-3838\/","title":{"rendered":"AMINO MUSCLE (3838)"},"content":{"rendered":"<p><strong>Descripci\u00f3n:<\/strong><\/p>\n<div class=\"product-short-description\">\n<p>Suplemento de amino\u00e1cidos. Anab\u00f3lico no hormonal.<\/p>\n<\/div>\n<p><strong>Indicaciones:<\/strong><\/p>\n<p class=\"font_7\">Formulado espec\u00edficamente para equinos j\u00f3venes en etapa de crecimiento o adultos sometidos a pr\u00e1cticas regulares de ejercicios o ejercicios intensos. Indicado principalmente cuando se pretende aumentar la masa muscular de equinos en training con requerimientos aumentados y cuando se pretende mejorar la actividad muscular, mejorar la recuperaci\u00f3n \u00a0post ejercicio adem\u00e1s de reducir la degradaci\u00f3n muscular post esfuerzo. Puede tambi\u00e9n ser administrado en yeguas gestantes en cualquier momento de la gestaci\u00f3n y en potrillos a partir de los 2 meses de vida.<\/p>\n<p><strong>Presentaci\u00f3n:<\/strong><\/p>\n<ul>\n<li>\u00a0Pote x 1 kg.<\/li>\n<\/ul>\n","protected":false},"excerpt":{"rendered":"<p><strong>Descripci\u00f3n:<\/strong><\/p>\n<div class=\"product-short-description\">\n<p>Suplemento de amino\u00e1cidos. Anab\u00f3lico no hormonal.<\/p>\n<\/div>\n<p><strong>Indicaciones:<\/strong><\/p>\n<p class=\"font_7\">Formulado espec\u00edficamente para equinos j\u00f3venes en etapa de crecimiento o adultos sometidos a pr\u00e1cticas regulares de ejercicios o ejercicios intensos. Indicado principalmente cuando se pretende aumentar la masa muscular de equinos en training con requerimientos aumentados y cuando se pretende mejorar la actividad muscular, mejorar la recuperaci\u00f3n \u00a0post ejercicio adem\u00e1s de reducir la degradaci\u00f3n muscular post esfuerzo. Puede tambi\u00e9n ser administrado en yeguas gestantes en cualquier momento de la gestaci\u00f3n y en potrillos a partir de los 2 meses de vida.<\/p>\n<p><strong>Presentaci\u00f3n:<\/strong><\/p>\n<ul>\n<li>\u00a0Pote x 1 kg.<\/li>\n<\/ul>\n","protected":false},"featured_media":1252,"template":"","meta":[],"product_cat":[298,196,222,224],"product_tag":[110,170,299,48],"_links":{"self":[{"href":"https:\/\/tiendabaldini.com.ar\/index.php\/wp-json\/wp\/v2\/product\/1251"}],"collection":[{"href":"https:\/\/tiendabaldini.com.ar\/index.php\/wp-json\/wp\/v2\/product"}],"about":[{"href":"https:\/\/tiendabaldini.com.ar\/index.php\/wp-json\/wp\/v2\/types\/product"}],"wp:featuredmedia":[{"embeddable":true,"href":"https:\/\/tiendabaldini.com.ar\/index.php\/wp-json\/wp\/v2\/media\/1252"}],"wp:attachment":[{"href":"https:\/\/tiendabaldini.com.ar\/index.php\/wp-json\/wp\/v2\/media?parent=1251"}],"wp:term":[{"taxonomy":"product_cat","embeddable":true,"href":"https:\/\/tiendabaldini.com.ar\/index.php\/wp-json\/wp\/v2\/product_cat?post=1251"},{"taxonomy":"product_tag","embeddable":true,"href":"https:\/\/tiendabaldini.com.ar\/index.php\/wp-json\/wp\/v2\/product_tag?post=1251"}],"curies":[{"name":"wp","href":"https:\/\/api.w.org\/{rel}","templated":true}]}}