{"id":1246,"date":"2022-04-28T02:44:19","date_gmt":"2022-04-28T02:44:19","guid":{"rendered":"http:\/\/tiendabaldini.com.ar\/?post_type=product&#038;p=1246"},"modified":"2022-05-05T06:00:41","modified_gmt":"2022-05-05T06:00:41","slug":"thermo-x-lt-altrenogest-2914","status":"publish","type":"product","link":"https:\/\/tiendabaldini.com.ar\/index.php\/product\/thermo-x-lt-altrenogest-2914\/","title":{"rendered":"THERMO X LT (ALTRENOGEST) (2914)"},"content":{"rendered":"<p><strong>Descripci\u00f3n:<\/strong><\/p>\n<div class=\"product-short-description\">\n<p>Progest\u00e1geno sint\u00e9tico para yeguas. Alternongest 2%<\/p>\n<\/div>\n<p><strong>Indicaciones:<\/strong><\/p>\n<p class=\"font_7\">Indicado para regularizar el estro en la etapa de transici\u00f3n post invernal. Como mejorador del tono uterino y conservador de la gestaci\u00f3n en yeguas con sospecha de insuficiencia l\u00fatea primaria y\/o secundaria, la que deber\u00e1 ser confirmada con dosaje de progesterona. Indicado para reemplazo del posible d\u00e9ficit de progesterona end\u00f3gena en casos de yeguas gestantes que padezcan c\u00f3lico, endotoxemia, infosura, pododermitis, dolor cr\u00f3nico, transportes a largas distancias, entre otros factores. Es\u00a0una herramienta farmacol\u00f3gica para anular el estro y lograr el cierre del cervix, una vez producida la ovulaci\u00f3n, cuando a\u00fan contin\u00faa manifest\u00e1ndose la sintomatolog\u00eda del celo. En yeguas o potrancas en alta competencia anula el celo al comienzo del mismo, objetivo que se logra 36 a 48 hs posteriores al comienzo de su suministro. No solo suprime el estro, sino que estabiliza las variaciones hormonales que ocurren durante el mismo, y bloquea los efectos adversos del celo en las potrancas en competencia.<\/p>\n<p><strong>Presentaci\u00f3n:<\/strong><\/p>\n<ul>\n<li>\u00a0Botella x 1L.<\/li>\n<\/ul>\n","protected":false},"excerpt":{"rendered":"<p><strong>Descripci\u00f3n:<\/strong><\/p>\n<div class=\"product-short-description\">\n<p>Progest\u00e1geno sint\u00e9tico para yeguas. Alternongest 2%<\/p>\n<\/div>\n<p><strong>Indicaciones:<\/strong><\/p>\n<p class=\"font_7\">Indicado para regularizar el estro en la etapa de transici\u00f3n post invernal. Como mejorador del tono uterino y conservador de la gestaci\u00f3n en yeguas con sospecha de insuficiencia l\u00fatea primaria y\/o secundaria, la que deber\u00e1 ser confirmada con dosaje de progesterona. Indicado para reemplazo del posible d\u00e9ficit de progesterona end\u00f3gena en casos de yeguas gestantes que padezcan c\u00f3lico, endotoxemia, infosura, pododermitis, dolor cr\u00f3nico, transportes a largas distancias, entre otros factores. Es una herramienta farmacol\u00f3gica para anular el estro y lograr el cierre del cervix, una vez producida la ovulaci\u00f3n, cuando a\u00fan contin\u00faa manifest\u00e1ndose la sintomatolog\u00eda del celo. En yeguas o potrancas en alta competencia anula el celo al comienzo del mismo, objetivo que se logra 36 a 48 hs posteriores al comienzo de su suministro. No solo suprime el estro, sino que estabiliza las variaciones hormonales que ocurren durante el mismo, y bloquea los efectos adversos del celo en las potrancas en competencia.<\/p>\n<p><strong>Presentaci\u00f3n:<\/strong><\/p>\n<ul>\n<li>\u00a0Botella x 1L.<\/li>\n<\/ul>\n","protected":false},"featured_media":1247,"template":"","meta":[],"product_cat":[286,196],"product_tag":[297,287,99,296],"_links":{"self":[{"href":"https:\/\/tiendabaldini.com.ar\/index.php\/wp-json\/wp\/v2\/product\/1246"}],"collection":[{"href":"https:\/\/tiendabaldini.com.ar\/index.php\/wp-json\/wp\/v2\/product"}],"about":[{"href":"https:\/\/tiendabaldini.com.ar\/index.php\/wp-json\/wp\/v2\/types\/product"}],"wp:featuredmedia":[{"embeddable":true,"href":"https:\/\/tiendabaldini.com.ar\/index.php\/wp-json\/wp\/v2\/media\/1247"}],"wp:attachment":[{"href":"https:\/\/tiendabaldini.com.ar\/index.php\/wp-json\/wp\/v2\/media?parent=1246"}],"wp:term":[{"taxonomy":"product_cat","embeddable":true,"href":"https:\/\/tiendabaldini.com.ar\/index.php\/wp-json\/wp\/v2\/product_cat?post=1246"},{"taxonomy":"product_tag","embeddable":true,"href":"https:\/\/tiendabaldini.com.ar\/index.php\/wp-json\/wp\/v2\/product_tag?post=1246"}],"curies":[{"name":"wp","href":"https:\/\/api.w.org\/{rel}","templated":true}]}}