{"id":1239,"date":"2022-04-28T02:21:12","date_gmt":"2022-04-28T02:21:12","guid":{"rendered":"http:\/\/tiendabaldini.com.ar\/?post_type=product&#038;p=1239"},"modified":"2022-05-05T06:02:53","modified_gmt":"2022-05-05T06:02:53","slug":"estrombol-x-10-cc-0676","status":"publish","type":"product","link":"https:\/\/tiendabaldini.com.ar\/index.php\/product\/estrombol-x-10-cc-0676\/","title":{"rendered":"ESTROMBOL X 10 CC (0676)"},"content":{"rendered":"<p><strong>Descripci\u00f3n:<\/strong><\/p>\n<div class=\"product-short-description\">\n<p>Anab\u00f3lico sint\u00e9tico que posee el mayor efecto anab\u00f3lico con m\u00ednimo efecto androg\u00e9nico dentro de los de su tipo.<\/p>\n<\/div>\n<p><strong>Indicaciones:<\/strong><\/p>\n<p class=\"font_7\">Indicado en los siguientes cuadros: animales debilitados, con mal estado general, animales sometidos a trabajos, esfuerzos excesivos, animales en crecimiento, cuadros de desnutrici\u00f3n, cuadros convalecientes de procesos infecciosos, quir\u00fargicos; estimulante del apetito en cuadros anor\u00e9xicos, cuadros miop\u00e1ticos (miositis, desgarramientos, enfermedad del m\u00fasculo blanco), anemias severas (estados tumorales; insuficiencia renal<br \/>\ncr\u00f3nica); osteoporosis, fracturas y oste\u00f3lisis; acompa\u00f1ante de terap\u00e9uticas prolongadas con esteroides, para contrarrestar su efecto proteico catab\u00f3lico.<\/p>\n<p><strong>Presentaci\u00f3n:<\/strong><\/p>\n<ul>\n<li>Cajas con 6 viales x 10 ml c\/u.<\/li>\n<\/ul>\n","protected":false},"excerpt":{"rendered":"<p><strong>Descripci\u00f3n:<\/strong><\/p>\n<div class=\"product-short-description\">\n<p>Anab\u00f3lico sint\u00e9tico que posee el mayor efecto anab\u00f3lico con m\u00ednimo efecto androg\u00e9nico dentro de los de su tipo.<\/p>\n<\/div>\n<p><strong>Indicaciones:<\/strong><\/p>\n<p class=\"font_7\">Indicado en los siguientes cuadros: animales debilitados, con mal estado general, animales sometidos a trabajos, esfuerzos excesivos, animales en crecimiento, cuadros de desnutrici\u00f3n, cuadros convalecientes de procesos infecciosos, quir\u00fargicos; estimulante del apetito en cuadros anor\u00e9xicos, cuadros miop\u00e1ticos (miositis, desgarramientos, enfermedad del m\u00fasculo blanco), anemias severas (estados tumorales; insuficiencia renal<br \/>\ncr\u00f3nica); osteoporosis, fracturas y oste\u00f3lisis; acompa\u00f1ante de terap\u00e9uticas prolongadas con esteroides, para contrarrestar su efecto proteico catab\u00f3lico.<\/p>\n<p><strong>Presentaci\u00f3n:<\/strong><\/p>\n<ul>\n<li>Cajas con 6 viales x 10 ml c\/u.<\/li>\n<\/ul>\n","protected":false},"featured_media":1240,"template":"","meta":[],"product_cat":[286,196],"product_tag":[170,287],"_links":{"self":[{"href":"https:\/\/tiendabaldini.com.ar\/index.php\/wp-json\/wp\/v2\/product\/1239"}],"collection":[{"href":"https:\/\/tiendabaldini.com.ar\/index.php\/wp-json\/wp\/v2\/product"}],"about":[{"href":"https:\/\/tiendabaldini.com.ar\/index.php\/wp-json\/wp\/v2\/types\/product"}],"wp:featuredmedia":[{"embeddable":true,"href":"https:\/\/tiendabaldini.com.ar\/index.php\/wp-json\/wp\/v2\/media\/1240"}],"wp:attachment":[{"href":"https:\/\/tiendabaldini.com.ar\/index.php\/wp-json\/wp\/v2\/media?parent=1239"}],"wp:term":[{"taxonomy":"product_cat","embeddable":true,"href":"https:\/\/tiendabaldini.com.ar\/index.php\/wp-json\/wp\/v2\/product_cat?post=1239"},{"taxonomy":"product_tag","embeddable":true,"href":"https:\/\/tiendabaldini.com.ar\/index.php\/wp-json\/wp\/v2\/product_tag?post=1239"}],"curies":[{"name":"wp","href":"https:\/\/api.w.org\/{rel}","templated":true}]}}