{"id":1237,"date":"2022-04-27T13:34:28","date_gmt":"2022-04-27T13:34:28","guid":{"rendered":"http:\/\/tiendabaldini.com.ar\/?post_type=product&#038;p=1237"},"modified":"2022-05-05T06:03:05","modified_gmt":"2022-05-05T06:03:05","slug":"dompergo-jeringa-x-6-gr-3070","status":"publish","type":"product","link":"https:\/\/tiendabaldini.com.ar\/index.php\/product\/dompergo-jeringa-x-6-gr-3070\/","title":{"rendered":"DOMPERGO jeringa x 6 gr (3070)"},"content":{"rendered":"<p><strong>Descripci\u00f3n:<\/strong><\/p>\n<div class=\"product-short-description\">\n<p>Antagonista dopamin\u00e9rgico selectivo de los receptores D2. Contiene Domperidona 6 grs.<\/p>\n<\/div>\n<p><strong>Indicaciones:<\/strong><\/p>\n<p class=\"font_7\">Indicado para la profilaxis y tratamiento de la intoxicaci\u00f3n por alcaloides derivados del indol (o ergo alcaloides). Estas sustancias alcaloides del indol producen un n\u00famero de signos cl\u00ednicos en diferentes especies. En la yegua afecta la esfera reproductiva en sus distintas etapas. Indicado principalmente como medida profil\u00e1ctica o terap\u00e9utica de la yegua expuesta a esta micotoxina.<\/p>\n<p><strong>Presentaci\u00f3n:<\/strong><\/p>\n<ul>\n<li>Jeringa con dosificador gradual x 40 ml.<\/li>\n<\/ul>\n","protected":false},"excerpt":{"rendered":"<p><strong>Descripci\u00f3n:<\/strong><\/p>\n<div class=\"product-short-description\">\n<p>Antagonista dopamin\u00e9rgico selectivo de los receptores D2. Contiene Domperidona 6 grs.<\/p>\n<\/div>\n<p><strong>Indicaciones:<\/strong><\/p>\n<p class=\"font_7\">Indicado para la profilaxis y tratamiento de la intoxicaci\u00f3n por alcaloides derivados del indol (o ergo alcaloides). Estas sustancias alcaloides del indol producen un n\u00famero de signos cl\u00ednicos en diferentes especies. En la yegua afecta la esfera reproductiva en sus distintas etapas. Indicado principalmente como medida profil\u00e1ctica o terap\u00e9utica de la yegua expuesta a esta micotoxina.<\/p>\n<p><strong>Presentaci\u00f3n:<\/strong><\/p>\n<ul>\n<li>Jeringa con dosificador gradual x 40 ml.<\/li>\n<\/ul>\n","protected":false},"featured_media":1238,"template":"","meta":[],"product_cat":[286,196,19,29],"product_tag":[75,291,290,287],"_links":{"self":[{"href":"https:\/\/tiendabaldini.com.ar\/index.php\/wp-json\/wp\/v2\/product\/1237"}],"collection":[{"href":"https:\/\/tiendabaldini.com.ar\/index.php\/wp-json\/wp\/v2\/product"}],"about":[{"href":"https:\/\/tiendabaldini.com.ar\/index.php\/wp-json\/wp\/v2\/types\/product"}],"wp:featuredmedia":[{"embeddable":true,"href":"https:\/\/tiendabaldini.com.ar\/index.php\/wp-json\/wp\/v2\/media\/1238"}],"wp:attachment":[{"href":"https:\/\/tiendabaldini.com.ar\/index.php\/wp-json\/wp\/v2\/media?parent=1237"}],"wp:term":[{"taxonomy":"product_cat","embeddable":true,"href":"https:\/\/tiendabaldini.com.ar\/index.php\/wp-json\/wp\/v2\/product_cat?post=1237"},{"taxonomy":"product_tag","embeddable":true,"href":"https:\/\/tiendabaldini.com.ar\/index.php\/wp-json\/wp\/v2\/product_tag?post=1237"}],"curies":[{"name":"wp","href":"https:\/\/api.w.org\/{rel}","templated":true}]}}