{"id":1233,"date":"2022-04-27T04:12:31","date_gmt":"2022-04-27T04:12:31","guid":{"rendered":"http:\/\/tiendabaldini.com.ar\/?post_type=product&#038;p=1233"},"modified":"2022-05-05T06:03:28","modified_gmt":"2022-05-05T06:03:28","slug":"arterol-caja-x-2-fcos-0673","status":"publish","type":"product","link":"https:\/\/tiendabaldini.com.ar\/index.php\/product\/arterol-caja-x-2-fcos-0673\/","title":{"rendered":"ARTEROL CAJA x 2 fcos (0673)"},"content":{"rendered":"<p><strong>Descripci\u00f3n:<\/strong><\/p>\n<div class=\"product-short-description\">\n<p>Potente broncodilatador de acci\u00f3n prolongada con efecto vasculoactivo sobre el peque\u00f1o circuito (\u00e1rea pulmonar).<\/p>\n<\/div>\n<p><strong>Indicaciones:<\/strong><\/p>\n<p>Tiene acci\u00f3n por m\u00e1s de 10 horas presentando una \u00f3ptima recuperaci\u00f3n, excelente respuesta al ejercicio, notoria reducci\u00f3n del sangrado y manifiesto aumento de la oxigenaci\u00f3n.<\/p>\n<p>Indicado para aquellas afecciones bronquiales que lleven consigo un proceso obstructivo reversible. \u00d3ptimo en la terapia pre ejercicio. Indicado en hemorragia pulmonar inducida por el ejercicio.<\/p>\n<p><strong>Presentaci\u00f3n:<\/strong><\/p>\n<ul>\n<li>Vial (x 2) con polvo para reconstituir y vial (x 2) con soluci\u00f3n diluyente. Incluye jeringa y aguja.<\/li>\n<\/ul>\n","protected":false},"excerpt":{"rendered":"<p><strong>Descripci\u00f3n:<\/strong><\/p>\n<div class=\"product-short-description\">\n<p>Potente broncodilatador de acci\u00f3n prolongada con efecto vasculoactivo sobre el peque\u00f1o circuito (\u00e1rea pulmonar).<\/p>\n<\/div>\n<p><strong>Indicaciones:<\/strong><\/p>\n<p>Tiene acci\u00f3n por m\u00e1s de 10 horas presentando una \u00f3ptima recuperaci\u00f3n, excelente respuesta al ejercicio, notoria reducci\u00f3n del sangrado y manifiesto aumento de la oxigenaci\u00f3n.<\/p>\n<p>Indicado para aquellas afecciones bronquiales que lleven consigo un proceso obstructivo reversible. \u00d3ptimo en la terapia pre ejercicio. Indicado en hemorragia pulmonar inducida por el ejercicio.<\/p>\n<p><strong>Presentaci\u00f3n:<\/strong><\/p>\n<ul>\n<li>Vial (x 2) con polvo para reconstituir y vial (x 2) con soluci\u00f3n diluyente. Incluye jeringa y aguja.<\/li>\n<\/ul>\n","protected":false},"featured_media":1234,"template":"","meta":[],"product_cat":[286,196],"product_tag":[94,287],"_links":{"self":[{"href":"https:\/\/tiendabaldini.com.ar\/index.php\/wp-json\/wp\/v2\/product\/1233"}],"collection":[{"href":"https:\/\/tiendabaldini.com.ar\/index.php\/wp-json\/wp\/v2\/product"}],"about":[{"href":"https:\/\/tiendabaldini.com.ar\/index.php\/wp-json\/wp\/v2\/types\/product"}],"wp:featuredmedia":[{"embeddable":true,"href":"https:\/\/tiendabaldini.com.ar\/index.php\/wp-json\/wp\/v2\/media\/1234"}],"wp:attachment":[{"href":"https:\/\/tiendabaldini.com.ar\/index.php\/wp-json\/wp\/v2\/media?parent=1233"}],"wp:term":[{"taxonomy":"product_cat","embeddable":true,"href":"https:\/\/tiendabaldini.com.ar\/index.php\/wp-json\/wp\/v2\/product_cat?post=1233"},{"taxonomy":"product_tag","embeddable":true,"href":"https:\/\/tiendabaldini.com.ar\/index.php\/wp-json\/wp\/v2\/product_tag?post=1233"}],"curies":[{"name":"wp","href":"https:\/\/api.w.org\/{rel}","templated":true}]}}