{"id":1226,"date":"2022-04-27T03:36:32","date_gmt":"2022-04-27T03:36:32","guid":{"rendered":"http:\/\/tiendabaldini.com.ar\/?post_type=product&#038;p=1226"},"modified":"2022-05-05T06:03:50","modified_gmt":"2022-05-05T06:03:50","slug":"lacril-2303","status":"publish","type":"product","link":"https:\/\/tiendabaldini.com.ar\/index.php\/product\/lacril-2303\/","title":{"rendered":"LACRIL (2303)"},"content":{"rendered":"<p><strong>Descripci\u00f3n:<\/strong><\/p>\n<div class=\"product-short-description\">\n<p>\u00a0Protector y regenerador a base de \u00e1cido hialur\u00f3nico de alto peso molecular. Hialuronato S\u00f3dico 1% . Inyectable.<\/p>\n<\/div>\n<p><strong>Indicaciones:<\/strong><\/p>\n<p>Los procesos inflamatorios intraarticulares tienden a degradar el hialuronato de sodio presente en la articulaci\u00f3n afectada. Lacril por su alto peso molecular y adecuada viscosidad, a diferencia de otros productos de bajo peso molecular, produce una r\u00e1pida y natural normalizaci\u00f3n del liquido sinovial alterado.<\/p>\n<p><strong>Presentaci\u00f3n:<\/strong><\/p>\n<ul>\n<li>Jeringa conteniendo 2 ml.<\/li>\n<\/ul>\n","protected":false},"excerpt":{"rendered":"<p><strong>Descripci\u00f3n:<\/strong><\/p>\n<div class=\"product-short-description\">\n<p>\u00a0Protector y regenerador a base de \u00e1cido hialur\u00f3nico de alto peso molecular. Hialuronato S\u00f3dico 1% . Inyectable.<\/p>\n<\/div>\n<p><strong>Indicaciones:<\/strong><\/p>\n<p>Los procesos inflamatorios intraarticulares tienden a degradar el hialuronato de sodio presente en la articulaci\u00f3n afectada. Lacril por su alto peso molecular y adecuada viscosidad, a diferencia de otros productos de bajo peso molecular, produce una r\u00e1pida y natural normalizaci\u00f3n del liquido sinovial alterado.<\/p>\n<p><strong>Presentaci\u00f3n:<\/strong><\/p>\n<ul>\n<li>Jeringa conteniendo 2 ml.<\/li>\n<\/ul>\n","protected":false},"featured_media":1227,"template":"","meta":[],"product_cat":[283,196],"product_tag":[284,78,285,251],"_links":{"self":[{"href":"https:\/\/tiendabaldini.com.ar\/index.php\/wp-json\/wp\/v2\/product\/1226"}],"collection":[{"href":"https:\/\/tiendabaldini.com.ar\/index.php\/wp-json\/wp\/v2\/product"}],"about":[{"href":"https:\/\/tiendabaldini.com.ar\/index.php\/wp-json\/wp\/v2\/types\/product"}],"wp:featuredmedia":[{"embeddable":true,"href":"https:\/\/tiendabaldini.com.ar\/index.php\/wp-json\/wp\/v2\/media\/1227"}],"wp:attachment":[{"href":"https:\/\/tiendabaldini.com.ar\/index.php\/wp-json\/wp\/v2\/media?parent=1226"}],"wp:term":[{"taxonomy":"product_cat","embeddable":true,"href":"https:\/\/tiendabaldini.com.ar\/index.php\/wp-json\/wp\/v2\/product_cat?post=1226"},{"taxonomy":"product_tag","embeddable":true,"href":"https:\/\/tiendabaldini.com.ar\/index.php\/wp-json\/wp\/v2\/product_tag?post=1226"}],"curies":[{"name":"wp","href":"https:\/\/api.w.org\/{rel}","templated":true}]}}