{"id":1221,"date":"2022-04-27T03:28:26","date_gmt":"2022-04-27T03:28:26","guid":{"rendered":"http:\/\/tiendabaldini.com.ar\/?post_type=product&#038;p=1221"},"modified":"2022-05-05T06:04:01","modified_gmt":"2022-05-05T06:04:01","slug":"miotonic-x-3kg-3639","status":"publish","type":"product","link":"https:\/\/tiendabaldini.com.ar\/index.php\/product\/miotonic-x-3kg-3639\/","title":{"rendered":"MIOTONIC x 3kg (3639)"},"content":{"rendered":"<p><strong>Descripci\u00f3n:<\/strong><\/p>\n<div class=\"product-short-description\">\n<p>Nutrac\u00e9utico para el m\u00fasculo. Vitamina E, Cromo y Selenio.<\/p>\n<\/div>\n<p><strong>Indicaciones:<\/strong><\/p>\n<p>Suplemento nutricional para el m\u00fasculo. F\u00f3rmula con Vitamina E, Selenio Org\u00e1nico y Cromo Org\u00e1nico, para esfuerzos intensos, estr\u00e9s elevado y etapa reproductiva.<\/p>\n<p><strong>Presentaci\u00f3n:<\/strong><\/p>\n<ul>\n<li>Pote x 3 kgs.<\/li>\n<\/ul>\n","protected":false},"excerpt":{"rendered":"<p><strong>Descripci\u00f3n:<\/strong><\/p>\n<div class=\"product-short-description\">\n<p>Nutrac\u00e9utico para el m\u00fasculo. Vitamina E, Cromo y Selenio.<\/p>\n<\/div>\n<p><strong>Indicaciones:<\/strong><\/p>\n<p>Suplemento nutricional para el m\u00fasculo. F\u00f3rmula con Vitamina E, Selenio Org\u00e1nico y Cromo Org\u00e1nico, para esfuerzos intensos, estr\u00e9s elevado y etapa reproductiva.<\/p>\n<p><strong>Presentaci\u00f3n:<\/strong><\/p>\n<ul>\n<li>Pote x 3 kgs.<\/li>\n<\/ul>\n","protected":false},"featured_media":1222,"template":"","meta":[],"product_cat":[267,196,224,19,30],"product_tag":[268,43],"_links":{"self":[{"href":"https:\/\/tiendabaldini.com.ar\/index.php\/wp-json\/wp\/v2\/product\/1221"}],"collection":[{"href":"https:\/\/tiendabaldini.com.ar\/index.php\/wp-json\/wp\/v2\/product"}],"about":[{"href":"https:\/\/tiendabaldini.com.ar\/index.php\/wp-json\/wp\/v2\/types\/product"}],"wp:featuredmedia":[{"embeddable":true,"href":"https:\/\/tiendabaldini.com.ar\/index.php\/wp-json\/wp\/v2\/media\/1222"}],"wp:attachment":[{"href":"https:\/\/tiendabaldini.com.ar\/index.php\/wp-json\/wp\/v2\/media?parent=1221"}],"wp:term":[{"taxonomy":"product_cat","embeddable":true,"href":"https:\/\/tiendabaldini.com.ar\/index.php\/wp-json\/wp\/v2\/product_cat?post=1221"},{"taxonomy":"product_tag","embeddable":true,"href":"https:\/\/tiendabaldini.com.ar\/index.php\/wp-json\/wp\/v2\/product_tag?post=1221"}],"curies":[{"name":"wp","href":"https:\/\/api.w.org\/{rel}","templated":true}]}}