{"id":1214,"date":"2022-04-27T03:14:19","date_gmt":"2022-04-27T03:14:19","guid":{"rendered":"http:\/\/tiendabaldini.com.ar\/?post_type=product&#038;p=1214"},"modified":"2022-05-05T06:06:16","modified_gmt":"2022-05-05T06:06:16","slug":"equidiet-total-plus-30-x-25-kg-3256","status":"publish","type":"product","link":"https:\/\/tiendabaldini.com.ar\/index.php\/product\/equidiet-total-plus-30-x-25-kg-3256\/","title":{"rendered":"EQUIDIET TOTAL PLUS 30 X 25 KG (3256)"},"content":{"rendered":"<p><strong>Descripci\u00f3n:<\/strong><\/p>\n<p>Suplemento balanceador con alta concentraci\u00f3n de amino\u00e1cidos y minerales para potrillos en destete y yeguas madres (fi\u00adn de gestaci\u00f3n y pico de lactancia).<\/p>\n<p><strong>Indicaciones:<\/strong><\/p>\n<p>Mejora el desarrollo del potrillo en crecimiento (reduce presentaci\u00f3n de enfermedades ostearticulares). Reduce el estr\u00e9s al destete. Mejor recuperaci\u00f3n de enfermedades y lesiones. Estado ideal para exposici\u00f3n. Pelaje sano y brilloso.<\/p>\n<p><strong>Presentaci\u00f3n:<\/strong><\/p>\n<ul>\n<li>Bolsa x 25 kgs.<\/li>\n<\/ul>\n","protected":false},"excerpt":{"rendered":"<p><strong>Descripci\u00f3n:<\/strong><\/p>\n<p>Suplemento balanceador con alta concentraci\u00f3n de amino\u00e1cidos y minerales para potrillos en destete y yeguas madres (fi\u00adn de gestaci\u00f3n y pico de lactancia).<\/p>\n<p><strong>Indicaciones:<\/strong><\/p>\n<p>Mejora el desarrollo del potrillo en crecimiento (reduce presentaci\u00f3n de enfermedades ostearticulares). Reduce el estr\u00e9s al destete. Mejor recuperaci\u00f3n de enfermedades y lesiones. Estado ideal para exposici\u00f3n. Pelaje sano y brilloso.<\/p>\n<p><strong>Presentaci\u00f3n:<\/strong><\/p>\n<ul>\n<li>Bolsa x 25 kgs.<\/li>\n<\/ul>\n","protected":false},"featured_media":1215,"template":"","meta":[],"product_cat":[267,196,222,224],"product_tag":[110,282,268,143,281,48],"_links":{"self":[{"href":"https:\/\/tiendabaldini.com.ar\/index.php\/wp-json\/wp\/v2\/product\/1214"}],"collection":[{"href":"https:\/\/tiendabaldini.com.ar\/index.php\/wp-json\/wp\/v2\/product"}],"about":[{"href":"https:\/\/tiendabaldini.com.ar\/index.php\/wp-json\/wp\/v2\/types\/product"}],"wp:featuredmedia":[{"embeddable":true,"href":"https:\/\/tiendabaldini.com.ar\/index.php\/wp-json\/wp\/v2\/media\/1215"}],"wp:attachment":[{"href":"https:\/\/tiendabaldini.com.ar\/index.php\/wp-json\/wp\/v2\/media?parent=1214"}],"wp:term":[{"taxonomy":"product_cat","embeddable":true,"href":"https:\/\/tiendabaldini.com.ar\/index.php\/wp-json\/wp\/v2\/product_cat?post=1214"},{"taxonomy":"product_tag","embeddable":true,"href":"https:\/\/tiendabaldini.com.ar\/index.php\/wp-json\/wp\/v2\/product_tag?post=1214"}],"curies":[{"name":"wp","href":"https:\/\/api.w.org\/{rel}","templated":true}]}}