{"id":1210,"date":"2022-04-27T03:09:18","date_gmt":"2022-04-27T03:09:18","guid":{"rendered":"http:\/\/tiendabaldini.com.ar\/?post_type=product&#038;p=1210"},"modified":"2022-05-05T06:06:39","modified_gmt":"2022-05-05T06:06:39","slug":"equidiet-sport-plus-x-40-kg-0564","status":"publish","type":"product","link":"https:\/\/tiendabaldini.com.ar\/index.php\/product\/equidiet-sport-plus-x-40-kg-0564\/","title":{"rendered":"EQUIDIET SPORT PLUS x 40 kg (0564)"},"content":{"rendered":"<p><strong>Descripci\u00f3n:<\/strong><\/p>\n<p>Alimento para caballos de alto rendimiento.<\/p>\n<p><strong>Indicaciones:<\/strong><\/p>\n<p>Provee energ\u00eda a partir de fibra, almid\u00f3n y grasa para caballos con requerimientos nutricionales elevados. Suministro controlado de la energ\u00eda y prevenci\u00f3n de acidosis, calambres e infosura. Inclusi\u00f3n de MOS (Oligosac\u00e1ridos Mananos) para mantener integridad intestinal y estimular la inmunidad.<\/p>\n<p><strong>Presentaci\u00f3n:<\/strong><\/p>\n<ul>\n<li>Bolsa x 40 kgs.<\/li>\n<\/ul>\n","protected":false},"excerpt":{"rendered":"<p><strong>Descripci\u00f3n:<\/strong><\/p>\n<p>Alimento para caballos de alto rendimiento.<\/p>\n<p><strong>Indicaciones:<\/strong><\/p>\n<p>Provee energ\u00eda a partir de fibra, almid\u00f3n y grasa para caballos con requerimientos nutricionales elevados. Suministro controlado de la energ\u00eda y prevenci\u00f3n de acidosis, calambres e infosura. Inclusi\u00f3n de MOS (Oligosac\u00e1ridos Mananos) para mantener integridad intestinal y estimular la inmunidad.<\/p>\n<p><strong>Presentaci\u00f3n:<\/strong><\/p>\n<ul>\n<li>Bolsa x 40 kgs.<\/li>\n<\/ul>\n","protected":false},"featured_media":1209,"template":"","meta":[],"product_cat":[223,267,196,222],"product_tag":[271,279,268],"_links":{"self":[{"href":"https:\/\/tiendabaldini.com.ar\/index.php\/wp-json\/wp\/v2\/product\/1210"}],"collection":[{"href":"https:\/\/tiendabaldini.com.ar\/index.php\/wp-json\/wp\/v2\/product"}],"about":[{"href":"https:\/\/tiendabaldini.com.ar\/index.php\/wp-json\/wp\/v2\/types\/product"}],"wp:featuredmedia":[{"embeddable":true,"href":"https:\/\/tiendabaldini.com.ar\/index.php\/wp-json\/wp\/v2\/media\/1209"}],"wp:attachment":[{"href":"https:\/\/tiendabaldini.com.ar\/index.php\/wp-json\/wp\/v2\/media?parent=1210"}],"wp:term":[{"taxonomy":"product_cat","embeddable":true,"href":"https:\/\/tiendabaldini.com.ar\/index.php\/wp-json\/wp\/v2\/product_cat?post=1210"},{"taxonomy":"product_tag","embeddable":true,"href":"https:\/\/tiendabaldini.com.ar\/index.php\/wp-json\/wp\/v2\/product_tag?post=1210"}],"curies":[{"name":"wp","href":"https:\/\/api.w.org\/{rel}","templated":true}]}}