{"id":1205,"date":"2022-04-27T03:00:16","date_gmt":"2022-04-27T03:00:16","guid":{"rendered":"http:\/\/tiendabaldini.com.ar\/?post_type=product&#038;p=1205"},"modified":"2022-05-05T06:07:03","modified_gmt":"2022-05-05T06:07:03","slug":"equidiet-senior-feed-x-25-kg-3987","status":"publish","type":"product","link":"https:\/\/tiendabaldini.com.ar\/index.php\/product\/equidiet-senior-feed-x-25-kg-3987\/","title":{"rendered":"EQUIDIET SENIOR FEED X 25 KG (3987)"},"content":{"rendered":"<p><strong>Descripci\u00f3n:<\/strong><\/p>\n<p>Alimento para caballos senior, actividad liviana o reposo.<\/p>\n<p><strong>Indicaciones:<\/strong><\/p>\n<p>Cubre necesidades incrementadas de los caballos mayores en esfuerzo liviano, moderado, en reposo o retiro. Combate el estr\u00e9s oxidativo y estimula el sistema inmune. Mejora la digesti\u00f3n y previene los c\u00f3licos. Factor<br \/>\ndigestivo probi\u00f3tico para mejorar la digesti\u00f3n de la fibra y la absorci\u00f3n de nutrientes. Aportes incrementados de vitaminas antioxidantes (A,E,C) y minerales quelados (Cr, Se, Zn) para sostener los sistemas corporales deficientes (inmune, nervioso, hormonal, cardio vascular, digestivo).<\/p>\n<p><strong>Presentaci\u00f3n:<\/strong><\/p>\n<ul>\n<li>Bolsa x 25 kgs.<\/li>\n<\/ul>\n","protected":false},"excerpt":{"rendered":"<p><strong>Descripci\u00f3n:<\/strong><\/p>\n<p>Alimento para caballos senior, actividad liviana o reposo.<\/p>\n<p><strong>Indicaciones:<\/strong><\/p>\n<p>Cubre necesidades incrementadas de los caballos mayores en esfuerzo liviano, moderado, en reposo o retiro. Combate el estr\u00e9s oxidativo y estimula el sistema inmune. Mejora la digesti\u00f3n y previene los c\u00f3licos. Factor<br \/>\ndigestivo probi\u00f3tico para mejorar la digesti\u00f3n de la fibra y la absorci\u00f3n de nutrientes. Aportes incrementados de vitaminas antioxidantes (A,E,C) y minerales quelados (Cr, Se, Zn) para sostener los sistemas corporales deficientes (inmune, nervioso, hormonal, cardio vascular, digestivo).<\/p>\n<p><strong>Presentaci\u00f3n:<\/strong><\/p>\n<ul>\n<li>Bolsa x 25 kgs.<\/li>\n<\/ul>\n","protected":false},"featured_media":1206,"template":"","meta":[],"product_cat":[223,267,196,222],"product_tag":[271,268,280],"_links":{"self":[{"href":"https:\/\/tiendabaldini.com.ar\/index.php\/wp-json\/wp\/v2\/product\/1205"}],"collection":[{"href":"https:\/\/tiendabaldini.com.ar\/index.php\/wp-json\/wp\/v2\/product"}],"about":[{"href":"https:\/\/tiendabaldini.com.ar\/index.php\/wp-json\/wp\/v2\/types\/product"}],"wp:featuredmedia":[{"embeddable":true,"href":"https:\/\/tiendabaldini.com.ar\/index.php\/wp-json\/wp\/v2\/media\/1206"}],"wp:attachment":[{"href":"https:\/\/tiendabaldini.com.ar\/index.php\/wp-json\/wp\/v2\/media?parent=1205"}],"wp:term":[{"taxonomy":"product_cat","embeddable":true,"href":"https:\/\/tiendabaldini.com.ar\/index.php\/wp-json\/wp\/v2\/product_cat?post=1205"},{"taxonomy":"product_tag","embeddable":true,"href":"https:\/\/tiendabaldini.com.ar\/index.php\/wp-json\/wp\/v2\/product_tag?post=1205"}],"curies":[{"name":"wp","href":"https:\/\/api.w.org\/{rel}","templated":true}]}}