{"id":1203,"date":"2022-04-27T02:53:59","date_gmt":"2022-04-27T02:53:59","guid":{"rendered":"http:\/\/tiendabaldini.com.ar\/?post_type=product&#038;p=1203"},"modified":"2022-05-05T06:07:15","modified_gmt":"2022-05-05T06:07:15","slug":"equidiet-polo-x-25kg-0563","status":"publish","type":"product","link":"https:\/\/tiendabaldini.com.ar\/index.php\/product\/equidiet-polo-x-25kg-0563\/","title":{"rendered":"EQUIDIET POLO x 25kg (0563)"},"content":{"rendered":"<p><strong>Descripci\u00f3n:<\/strong><\/p>\n<p>Alimento para caballos de alto rendimiento (Polo, Salto, Rodeo). Alimento balanceado con melaza.<\/p>\n<p><strong>Indicaciones:<\/strong><\/p>\n<p>Provee energ\u00eda a partir de fibra, almid\u00f3n y grasa para caballos con requerimientos nutricionales elevados. Prevenci\u00f3n de acidosis, calambres e infosura. Para mantener integridad intestinal y estimular la inmunidad.<\/p>\n<p><strong>Presentaci\u00f3n:<\/strong><\/p>\n<ul>\n<li>Bolsa x 25 kgs.<\/li>\n<\/ul>\n","protected":false},"excerpt":{"rendered":"<p><strong>Descripci\u00f3n:<\/strong><\/p>\n<p>Alimento para caballos de alto rendimiento (Polo, Salto, Rodeo). Alimento balanceado con melaza.<\/p>\n<p><strong>Indicaciones:<\/strong><\/p>\n<p>Provee energ\u00eda a partir de fibra, almid\u00f3n y grasa para caballos con requerimientos nutricionales elevados. Prevenci\u00f3n de acidosis, calambres e infosura. Para mantener integridad intestinal y estimular la inmunidad.<\/p>\n<p><strong>Presentaci\u00f3n:<\/strong><\/p>\n<ul>\n<li>Bolsa x 25 kgs.<\/li>\n<\/ul>\n","protected":false},"featured_media":1204,"template":"","meta":[],"product_cat":[223,267,196,222],"product_tag":[271,279,268,275,276,278,277],"_links":{"self":[{"href":"https:\/\/tiendabaldini.com.ar\/index.php\/wp-json\/wp\/v2\/product\/1203"}],"collection":[{"href":"https:\/\/tiendabaldini.com.ar\/index.php\/wp-json\/wp\/v2\/product"}],"about":[{"href":"https:\/\/tiendabaldini.com.ar\/index.php\/wp-json\/wp\/v2\/types\/product"}],"wp:featuredmedia":[{"embeddable":true,"href":"https:\/\/tiendabaldini.com.ar\/index.php\/wp-json\/wp\/v2\/media\/1204"}],"wp:attachment":[{"href":"https:\/\/tiendabaldini.com.ar\/index.php\/wp-json\/wp\/v2\/media?parent=1203"}],"wp:term":[{"taxonomy":"product_cat","embeddable":true,"href":"https:\/\/tiendabaldini.com.ar\/index.php\/wp-json\/wp\/v2\/product_cat?post=1203"},{"taxonomy":"product_tag","embeddable":true,"href":"https:\/\/tiendabaldini.com.ar\/index.php\/wp-json\/wp\/v2\/product_tag?post=1203"}],"curies":[{"name":"wp","href":"https:\/\/api.w.org\/{rel}","templated":true}]}}