{"id":1195,"date":"2022-04-27T02:32:37","date_gmt":"2022-04-27T02:32:37","guid":{"rendered":"http:\/\/tiendabaldini.com.ar\/?post_type=product&#038;p=1195"},"modified":"2022-05-05T06:10:00","modified_gmt":"2022-05-05T06:10:00","slug":"equidiet-electronic-x-5-kg-2152","status":"publish","type":"product","link":"https:\/\/tiendabaldini.com.ar\/index.php\/product\/equidiet-electronic-x-5-kg-2152\/","title":{"rendered":"EQUIDIET ELECTRONIC x 5 kg (2152)"},"content":{"rendered":"<p><strong>Descripci\u00f3n:<\/strong><\/p>\n<p>Mezcla de reposici\u00f3n electrol\u00edtica.<\/p>\n<p><strong>Indicaciones:<\/strong><\/p>\n<p>Reposici\u00f3n de sales corporales esenciales perdidas durante ejercicios intensos, viajes y en condiciones clim\u00e1ticas de calor y humedad. Anti estr\u00e9s. Estimula el apetito.<\/p>\n<p><strong>Presentaci\u00f3n:<\/strong><\/p>\n<ul>\n<li>Pote x 5 kgs.<\/li>\n<\/ul>\n","protected":false},"excerpt":{"rendered":"<p><strong>Descripci\u00f3n:<\/strong><\/p>\n<p>Mezcla de reposici\u00f3n electrol\u00edtica.<\/p>\n<p><strong>Indicaciones:<\/strong><\/p>\n<p>Reposici\u00f3n de sales corporales esenciales perdidas durante ejercicios intensos, viajes y en condiciones clim\u00e1ticas de calor y humedad. Anti estr\u00e9s. Estimula el apetito.<\/p>\n<p><strong>Presentaci\u00f3n:<\/strong><\/p>\n<ul>\n<li>Pote x 5 kgs.<\/li>\n<\/ul>\n","protected":false},"featured_media":1196,"template":"","meta":[],"product_cat":[267,196,222,224],"product_tag":[268,257,48],"_links":{"self":[{"href":"https:\/\/tiendabaldini.com.ar\/index.php\/wp-json\/wp\/v2\/product\/1195"}],"collection":[{"href":"https:\/\/tiendabaldini.com.ar\/index.php\/wp-json\/wp\/v2\/product"}],"about":[{"href":"https:\/\/tiendabaldini.com.ar\/index.php\/wp-json\/wp\/v2\/types\/product"}],"wp:featuredmedia":[{"embeddable":true,"href":"https:\/\/tiendabaldini.com.ar\/index.php\/wp-json\/wp\/v2\/media\/1196"}],"wp:attachment":[{"href":"https:\/\/tiendabaldini.com.ar\/index.php\/wp-json\/wp\/v2\/media?parent=1195"}],"wp:term":[{"taxonomy":"product_cat","embeddable":true,"href":"https:\/\/tiendabaldini.com.ar\/index.php\/wp-json\/wp\/v2\/product_cat?post=1195"},{"taxonomy":"product_tag","embeddable":true,"href":"https:\/\/tiendabaldini.com.ar\/index.php\/wp-json\/wp\/v2\/product_tag?post=1195"}],"curies":[{"name":"wp","href":"https:\/\/api.w.org\/{rel}","templated":true}]}}