{"id":1192,"date":"2022-04-27T02:12:30","date_gmt":"2022-04-27T02:12:30","guid":{"rendered":"http:\/\/tiendabaldini.com.ar\/?post_type=product&#038;p=1192"},"modified":"2022-05-05T06:10:30","modified_gmt":"2022-05-05T06:10:30","slug":"equidiet-base-x-25-kg-0589","status":"publish","type":"product","link":"https:\/\/tiendabaldini.com.ar\/index.php\/product\/equidiet-base-x-25-kg-0589\/","title":{"rendered":"EQUIDIET BASE X 25 KG (0589)"},"content":{"rendered":"<p><strong>Descripci\u00f3n:<\/strong><\/p>\n<p>Alimento completo para caballos que no requieren una raci\u00f3n concentrada en energ\u00eda (en doma, mantenimiento, caballos nuevos y en actividad liviana).<\/p>\n<p><strong>Indicaciones:<\/strong><\/p>\n<p>Para mejorar la docilidad, el sistema inmune. Disminuye la probabilidad de patolog\u00edas intestinales (c\u00f3licos, laminitis). Mejora el buen desempe\u00f1o animal (rendimiento). Mejora el estado corporal. Aparato digestivo saludable.<\/p>\n<p><strong>Presentaci\u00f3n:<\/strong><\/p>\n<ul>\n<li>Bolsa x 25 kgs.<\/li>\n<\/ul>\n","protected":false},"excerpt":{"rendered":"<p><strong>Descripci\u00f3n:<\/strong><\/p>\n<p>Alimento completo para caballos que no requieren una raci\u00f3n concentrada en energ\u00eda (en doma, mantenimiento, caballos nuevos y en actividad liviana).<\/p>\n<p><strong>Indicaciones:<\/strong><\/p>\n<p>Para mejorar la docilidad, el sistema inmune. Disminuye la probabilidad de patolog\u00edas intestinales (c\u00f3licos, laminitis). Mejora el buen desempe\u00f1o animal (rendimiento). Mejora el estado corporal. Aparato digestivo saludable.<\/p>\n<p><strong>Presentaci\u00f3n:<\/strong><\/p>\n<ul>\n<li>Bolsa x 25 kgs.<\/li>\n<\/ul>\n","protected":false},"featured_media":1193,"template":"","meta":[],"product_cat":[223,267,196,222],"product_tag":[271,268],"_links":{"self":[{"href":"https:\/\/tiendabaldini.com.ar\/index.php\/wp-json\/wp\/v2\/product\/1192"}],"collection":[{"href":"https:\/\/tiendabaldini.com.ar\/index.php\/wp-json\/wp\/v2\/product"}],"about":[{"href":"https:\/\/tiendabaldini.com.ar\/index.php\/wp-json\/wp\/v2\/types\/product"}],"wp:featuredmedia":[{"embeddable":true,"href":"https:\/\/tiendabaldini.com.ar\/index.php\/wp-json\/wp\/v2\/media\/1193"}],"wp:attachment":[{"href":"https:\/\/tiendabaldini.com.ar\/index.php\/wp-json\/wp\/v2\/media?parent=1192"}],"wp:term":[{"taxonomy":"product_cat","embeddable":true,"href":"https:\/\/tiendabaldini.com.ar\/index.php\/wp-json\/wp\/v2\/product_cat?post=1192"},{"taxonomy":"product_tag","embeddable":true,"href":"https:\/\/tiendabaldini.com.ar\/index.php\/wp-json\/wp\/v2\/product_tag?post=1192"}],"curies":[{"name":"wp","href":"https:\/\/api.w.org\/{rel}","templated":true}]}}