{"id":1189,"date":"2022-04-22T13:57:33","date_gmt":"2022-04-22T13:57:33","guid":{"rendered":"http:\/\/tiendabaldini.com.ar\/?post_type=product&#038;p=1189"},"modified":"2022-05-05T06:10:39","modified_gmt":"2022-05-05T06:10:39","slug":"equidiet-derby-oro-x-25-kg-2445","status":"publish","type":"product","link":"https:\/\/tiendabaldini.com.ar\/index.php\/product\/equidiet-derby-oro-x-25-kg-2445\/","title":{"rendered":"EQUIDIET DERBY ORO X 25 KG (2445)"},"content":{"rendered":"<p><strong>Descripci\u00f3n:<\/strong><\/p>\n<p>Alimento completo para caballos en competencia.<\/p>\n<p><strong>Indicaciones:<\/strong><\/p>\n<p>Factores inmunoestimulantes combaten el estr\u00e9s oxidativo y estimulan el sistema inmune. Aumenta el desarrollo muscular. Previene la fatiga muscular. Fortalece articulaciones. M\u00e1xima energ\u00eda para una \u00f3ptima performance.<\/p>\n<p><strong>Presentaci\u00f3n:<\/strong><\/p>\n<ul>\n<li>Bolsa x 25 kgs.<\/li>\n<\/ul>\n","protected":false},"excerpt":{"rendered":"<p><strong>Descripci\u00f3n:<\/strong><\/p>\n<p>Alimento completo para caballos en competencia.<\/p>\n<p><strong>Indicaciones:<\/strong><\/p>\n<p>Factores inmunoestimulantes combaten el estr\u00e9s oxidativo y estimulan el sistema inmune. Aumenta el desarrollo muscular. Previene la fatiga muscular. Fortalece articulaciones. M\u00e1xima energ\u00eda para una \u00f3ptima performance.<\/p>\n<p><strong>Presentaci\u00f3n:<\/strong><\/p>\n<ul>\n<li>Bolsa x 25 kgs.<\/li>\n<\/ul>\n","protected":false},"featured_media":1191,"template":"","meta":[],"product_cat":[223,267,196,222],"product_tag":[271,268],"_links":{"self":[{"href":"https:\/\/tiendabaldini.com.ar\/index.php\/wp-json\/wp\/v2\/product\/1189"}],"collection":[{"href":"https:\/\/tiendabaldini.com.ar\/index.php\/wp-json\/wp\/v2\/product"}],"about":[{"href":"https:\/\/tiendabaldini.com.ar\/index.php\/wp-json\/wp\/v2\/types\/product"}],"wp:featuredmedia":[{"embeddable":true,"href":"https:\/\/tiendabaldini.com.ar\/index.php\/wp-json\/wp\/v2\/media\/1191"}],"wp:attachment":[{"href":"https:\/\/tiendabaldini.com.ar\/index.php\/wp-json\/wp\/v2\/media?parent=1189"}],"wp:term":[{"taxonomy":"product_cat","embeddable":true,"href":"https:\/\/tiendabaldini.com.ar\/index.php\/wp-json\/wp\/v2\/product_cat?post=1189"},{"taxonomy":"product_tag","embeddable":true,"href":"https:\/\/tiendabaldini.com.ar\/index.php\/wp-json\/wp\/v2\/product_tag?post=1189"}],"curies":[{"name":"wp","href":"https:\/\/api.w.org\/{rel}","templated":true}]}}