{"id":1185,"date":"2022-04-20T09:10:06","date_gmt":"2022-04-20T09:10:06","guid":{"rendered":"http:\/\/tiendabaldini.com.ar\/?post_type=product&#038;p=1185"},"modified":"2022-05-05T06:10:51","modified_gmt":"2022-05-05T06:10:51","slug":"cubos-de-alfalfa-x-25-kg-0600","status":"publish","type":"product","link":"https:\/\/tiendabaldini.com.ar\/index.php\/product\/cubos-de-alfalfa-x-25-kg-0600\/","title":{"rendered":"CUBOS DE ALFALFA X 25 Kg (0600)"},"content":{"rendered":"<p><strong>Descripci\u00f3n:<\/strong><\/p>\n<p>100% Alfalfa. 100% Natural.<\/p>\n<p><strong>Indicaciones:<\/strong><\/p>\n<p>Para lograr alta digestibilidad. Calidad constante y una mayor salivaci\u00f3n para prevenir las \u00falceras g\u00e1stricas.<\/p>\n<p><strong>Presentaci\u00f3n:<\/strong><\/p>\n<ul>\n<li>Cubos x 25 kgs.<\/li>\n<\/ul>\n","protected":false},"excerpt":{"rendered":"<p><strong>Descripci\u00f3n:<\/strong><\/p>\n<p>100% Alfalfa. 100% Natural.<\/p>\n<p><strong>Indicaciones:<\/strong><\/p>\n<p>Para lograr alta digestibilidad. Calidad constante y una mayor salivaci\u00f3n para prevenir las \u00falceras g\u00e1stricas.<\/p>\n<p><strong>Presentaci\u00f3n:<\/strong><\/p>\n<ul>\n<li>Cubos x 25 kgs.<\/li>\n<\/ul>\n","protected":false},"featured_media":1186,"template":"","meta":[],"product_cat":[223,267,196,222],"product_tag":[272,271,268],"_links":{"self":[{"href":"https:\/\/tiendabaldini.com.ar\/index.php\/wp-json\/wp\/v2\/product\/1185"}],"collection":[{"href":"https:\/\/tiendabaldini.com.ar\/index.php\/wp-json\/wp\/v2\/product"}],"about":[{"href":"https:\/\/tiendabaldini.com.ar\/index.php\/wp-json\/wp\/v2\/types\/product"}],"wp:featuredmedia":[{"embeddable":true,"href":"https:\/\/tiendabaldini.com.ar\/index.php\/wp-json\/wp\/v2\/media\/1186"}],"wp:attachment":[{"href":"https:\/\/tiendabaldini.com.ar\/index.php\/wp-json\/wp\/v2\/media?parent=1185"}],"wp:term":[{"taxonomy":"product_cat","embeddable":true,"href":"https:\/\/tiendabaldini.com.ar\/index.php\/wp-json\/wp\/v2\/product_cat?post=1185"},{"taxonomy":"product_tag","embeddable":true,"href":"https:\/\/tiendabaldini.com.ar\/index.php\/wp-json\/wp\/v2\/product_tag?post=1185"}],"curies":[{"name":"wp","href":"https:\/\/api.w.org\/{rel}","templated":true}]}}