{"id":1181,"date":"2022-04-20T08:54:12","date_gmt":"2022-04-20T08:54:12","guid":{"rendered":"http:\/\/tiendabaldini.com.ar\/?post_type=product&#038;p=1181"},"modified":"2022-05-05T06:11:14","modified_gmt":"2022-05-05T06:11:14","slug":"aceite-omega-blend-x-5-lts-3841","status":"publish","type":"product","link":"https:\/\/tiendabaldini.com.ar\/index.php\/product\/aceite-omega-blend-x-5-lts-3841\/","title":{"rendered":"ACEITE OMEGA BLEND x 5 Lts (3841)"},"content":{"rendered":"<p><strong>Descripci\u00f3n:<\/strong><\/p>\n<p>Blend de Aceites Esenciales. Antioxidantes Naturales Ch\u00eda &amp; Canola.<\/p>\n<p><strong>Indicaciones:<\/strong><\/p>\n<p>Una carencia produce alteraciones relacionadas con la s\u00edntesis de las prostaglandinas, el sistema inmunol\u00f3gico, la respuesta inflamatoria y la cicatrizaci\u00f3n. Los omega 3 y 6 intervienen en el metabolismo de la piel, la reparaci\u00f3n de los tejidos, el desarrollo de la respuesta inmune e inflamatoria y el crecimiento celular.<\/p>\n<p><strong>Presentaci\u00f3n:<\/strong><\/p>\n<ul>\n<li>Bid\u00f3n x 5 L.<\/li>\n<\/ul>\n","protected":false},"excerpt":{"rendered":"<p><strong>Descripci\u00f3n:<\/strong><\/p>\n<p>Blend de Aceites Esenciales. Antioxidantes Naturales Ch\u00eda &amp; Canola.<\/p>\n<p><strong>Indicaciones:<\/strong><\/p>\n<p>Una carencia produce alteraciones relacionadas con la s\u00edntesis de las prostaglandinas, el sistema inmunol\u00f3gico, la respuesta inflamatoria y la cicatrizaci\u00f3n. Los omega 3 y 6 intervienen en el metabolismo de la piel, la reparaci\u00f3n de los tejidos, el desarrollo de la respuesta inmune e inflamatoria y el crecimiento celular.<\/p>\n<p><strong>Presentaci\u00f3n:<\/strong><\/p>\n<ul>\n<li>Bid\u00f3n x 5 L.<\/li>\n<\/ul>\n","protected":false},"featured_media":1182,"template":"","meta":[],"product_cat":[267,196,222,224],"product_tag":[270,66,269,268,48],"_links":{"self":[{"href":"https:\/\/tiendabaldini.com.ar\/index.php\/wp-json\/wp\/v2\/product\/1181"}],"collection":[{"href":"https:\/\/tiendabaldini.com.ar\/index.php\/wp-json\/wp\/v2\/product"}],"about":[{"href":"https:\/\/tiendabaldini.com.ar\/index.php\/wp-json\/wp\/v2\/types\/product"}],"wp:featuredmedia":[{"embeddable":true,"href":"https:\/\/tiendabaldini.com.ar\/index.php\/wp-json\/wp\/v2\/media\/1182"}],"wp:attachment":[{"href":"https:\/\/tiendabaldini.com.ar\/index.php\/wp-json\/wp\/v2\/media?parent=1181"}],"wp:term":[{"taxonomy":"product_cat","embeddable":true,"href":"https:\/\/tiendabaldini.com.ar\/index.php\/wp-json\/wp\/v2\/product_cat?post=1181"},{"taxonomy":"product_tag","embeddable":true,"href":"https:\/\/tiendabaldini.com.ar\/index.php\/wp-json\/wp\/v2\/product_tag?post=1181"}],"curies":[{"name":"wp","href":"https:\/\/api.w.org\/{rel}","templated":true}]}}