{"id":1169,"date":"2022-04-20T08:24:00","date_gmt":"2022-04-20T08:24:00","guid":{"rendered":"http:\/\/tiendabaldini.com.ar\/?post_type=product&#038;p=1169"},"modified":"2022-05-05T06:12:01","modified_gmt":"2022-05-05T06:12:01","slug":"lidocaina-2-x-100-cc-equi-systems-0610","status":"publish","type":"product","link":"https:\/\/tiendabaldini.com.ar\/index.php\/product\/lidocaina-2-x-100-cc-equi-systems-0610\/","title":{"rendered":"LIDOCAINA 2% x 100 CC (Equi-Systems) (0610)"},"content":{"rendered":"<p><strong>Descripci\u00f3n:<\/strong><\/p>\n<p>Anest\u00e9sico local. Inyectable.<\/p>\n<p><strong>Indicaciones:<\/strong><\/p>\n<p>Bloqueo de nervios perif\u00e9ricos (anestesia troncal, infiltrativa, etc.). Anestesia epidural. Infiltraci\u00f3n en masa muscular atr\u00f3fica, contracturas, etc. Mialgia.<\/p>\n<p><strong>Presentaci\u00f3n:<\/strong><\/p>\n<ul>\n<li>Frasco ampolla x 100 ml.<\/li>\n<\/ul>\n","protected":false},"excerpt":{"rendered":"<p><strong>Descripci\u00f3n:<\/strong><\/p>\n<p>Anest\u00e9sico local. Inyectable.<\/p>\n<p><strong>Indicaciones:<\/strong><\/p>\n<p>Bloqueo de nervios perif\u00e9ricos (anestesia troncal, infiltrativa, etc.) Anestesia epidural.\u00a0Infiltraci\u00f3n en masa muscular atr\u00f3fica, contracturas, etc. Mialgia.<\/p>\n<p><strong>Presentaci\u00f3n:<\/strong><\/p>\n<ul>\n<li>Frasco ampolla x 100 ml.<\/li>\n<\/ul>\n","protected":false},"featured_media":1170,"template":"","meta":[],"product_cat":[261,196,19,28,32],"product_tag":[169,262,78],"_links":{"self":[{"href":"https:\/\/tiendabaldini.com.ar\/index.php\/wp-json\/wp\/v2\/product\/1169"}],"collection":[{"href":"https:\/\/tiendabaldini.com.ar\/index.php\/wp-json\/wp\/v2\/product"}],"about":[{"href":"https:\/\/tiendabaldini.com.ar\/index.php\/wp-json\/wp\/v2\/types\/product"}],"wp:featuredmedia":[{"embeddable":true,"href":"https:\/\/tiendabaldini.com.ar\/index.php\/wp-json\/wp\/v2\/media\/1170"}],"wp:attachment":[{"href":"https:\/\/tiendabaldini.com.ar\/index.php\/wp-json\/wp\/v2\/media?parent=1169"}],"wp:term":[{"taxonomy":"product_cat","embeddable":true,"href":"https:\/\/tiendabaldini.com.ar\/index.php\/wp-json\/wp\/v2\/product_cat?post=1169"},{"taxonomy":"product_tag","embeddable":true,"href":"https:\/\/tiendabaldini.com.ar\/index.php\/wp-json\/wp\/v2\/product_tag?post=1169"}],"curies":[{"name":"wp","href":"https:\/\/api.w.org\/{rel}","templated":true}]}}