{"id":1163,"date":"2022-04-20T08:07:21","date_gmt":"2022-04-20T08:07:21","guid":{"rendered":"http:\/\/tiendabaldini.com.ar\/?post_type=product&#038;p=1163"},"modified":"2022-05-05T06:17:45","modified_gmt":"2022-05-05T06:17:45","slug":"fructosa-60-x-100-cc-equi-systems-0605","status":"publish","type":"product","link":"https:\/\/tiendabaldini.com.ar\/index.php\/product\/fructosa-60-x-100-cc-equi-systems-0605\/","title":{"rendered":"FRUCTOSA 60 x 100 CC (Equi-Systems) (0605)"},"content":{"rendered":"<p><strong>Descripci\u00f3n:<\/strong><\/p>\n<p>Energizante. Protector Hep\u00e1tico. Inyectable.<\/p>\n<p><strong>Indicaciones:<\/strong><\/p>\n<p>Cuando se requiere un energizante r\u00e1pido de la m\u00e1s alta calidad metab\u00f3lica y r\u00e1pido desempe\u00f1o. En enfermedades hep\u00e1ticas e intoxicaciones.<\/p>\n<p><strong>Presentaci\u00f3n:<\/strong><\/p>\n<ul>\n<li>Envase x 100 ml.<\/li>\n<\/ul>\n","protected":false},"excerpt":{"rendered":"<p><strong>Descripci\u00f3n:<\/strong><\/p>\n<p>Energizante. Protector Hep\u00e1tico. Inyectable.<\/p>\n<p><strong>Indicaciones:<\/strong><\/p>\n<p>Cuando se requiere un energizante r\u00e1pido de la m\u00e1s alta calidad metab\u00f3lica y r\u00e1pido desempe\u00f1o. En enfermedades hep\u00e1ticas e intoxicaciones.<\/p>\n<p><strong>Presentaci\u00f3n:<\/strong><\/p>\n<ul>\n<li>Envase x 100 ml.<\/li>\n<\/ul>\n","protected":false},"featured_media":1164,"template":"","meta":[],"product_cat":[190,261,189,196,19],"product_tag":[97,262,90,78],"_links":{"self":[{"href":"https:\/\/tiendabaldini.com.ar\/index.php\/wp-json\/wp\/v2\/product\/1163"}],"collection":[{"href":"https:\/\/tiendabaldini.com.ar\/index.php\/wp-json\/wp\/v2\/product"}],"about":[{"href":"https:\/\/tiendabaldini.com.ar\/index.php\/wp-json\/wp\/v2\/types\/product"}],"wp:featuredmedia":[{"embeddable":true,"href":"https:\/\/tiendabaldini.com.ar\/index.php\/wp-json\/wp\/v2\/media\/1164"}],"wp:attachment":[{"href":"https:\/\/tiendabaldini.com.ar\/index.php\/wp-json\/wp\/v2\/media?parent=1163"}],"wp:term":[{"taxonomy":"product_cat","embeddable":true,"href":"https:\/\/tiendabaldini.com.ar\/index.php\/wp-json\/wp\/v2\/product_cat?post=1163"},{"taxonomy":"product_tag","embeddable":true,"href":"https:\/\/tiendabaldini.com.ar\/index.php\/wp-json\/wp\/v2\/product_tag?post=1163"}],"curies":[{"name":"wp","href":"https:\/\/api.w.org\/{rel}","templated":true}]}}