{"id":1158,"date":"2022-04-20T07:55:36","date_gmt":"2022-04-20T07:55:36","guid":{"rendered":"http:\/\/tiendabaldini.com.ar\/?post_type=product&#038;p=1158"},"modified":"2022-05-05T06:18:14","modified_gmt":"2022-05-05T06:18:14","slug":"equitrim-x-450-gr-equi-systems-0596","status":"publish","type":"product","link":"https:\/\/tiendabaldini.com.ar\/index.php\/product\/equitrim-x-450-gr-equi-systems-0596\/","title":{"rendered":"EQUITRIM X 450 GR (Equi-Systems) (0596)"},"content":{"rendered":"<p><strong>Descripci\u00f3n:<\/strong><\/p>\n<p>Polvo para administraci\u00f3n v\u00eda oral. Quimioter\u00e1pico.<\/p>\n<p><strong>Indicaciones:<\/strong><\/p>\n<p>Afecciones respiratorias agudas de origen bacteriano (neumon\u00edas, bronquitis, laringitis, pleuritis). Afecciones urogenitales (nefritis, pielonefritis, metritis, cistitis, vaginitis). Afecciones digestivas (enteritis, diarreas, peritonitis, infarto intestinal, Colitis X, diarrea neonatal de los potrillos). Actinobacilosis, artritis s\u00e9ptica, Adenitis equina, onfalitis, osteomielitis, etc.<\/p>\n<p><strong>Presentaci\u00f3n:<\/strong><\/p>\n<ul>\n<li>Envase x 450 grs.<\/li>\n<\/ul>\n","protected":false},"excerpt":{"rendered":"<p><strong>Descripci\u00f3n:<\/strong><\/p>\n<p>Polvo para administraci\u00f3n v\u00eda oral. Quimioter\u00e1pico.<\/p>\n<p><strong>Indicaciones:<\/strong><\/p>\n<p>Afecciones respiratorias agudas de origen bacteriano (neumon\u00edas, bronquitis, laringitis, pleuritis). Afecciones urogenitales (nefritis, pielonefritis, metritis, cistitis, vaginitis). Afecciones digestivas (enteritis, diarreas, peritonitis, infarto intestinal, Colitis X, diarrea neonatal de los potrillos). Actinobacilosis, artritis s\u00e9ptica, Adenitis equina, onfalitis, osteomielitis, etc.<\/p>\n<p><strong>Presentaci\u00f3n:<\/strong><\/p>\n<ul>\n<li>Envase x 450 grs.<\/li>\n<\/ul>\n","protected":false},"featured_media":1157,"template":"","meta":[],"product_cat":[261,196],"product_tag":[262,266],"_links":{"self":[{"href":"https:\/\/tiendabaldini.com.ar\/index.php\/wp-json\/wp\/v2\/product\/1158"}],"collection":[{"href":"https:\/\/tiendabaldini.com.ar\/index.php\/wp-json\/wp\/v2\/product"}],"about":[{"href":"https:\/\/tiendabaldini.com.ar\/index.php\/wp-json\/wp\/v2\/types\/product"}],"wp:featuredmedia":[{"embeddable":true,"href":"https:\/\/tiendabaldini.com.ar\/index.php\/wp-json\/wp\/v2\/media\/1157"}],"wp:attachment":[{"href":"https:\/\/tiendabaldini.com.ar\/index.php\/wp-json\/wp\/v2\/media?parent=1158"}],"wp:term":[{"taxonomy":"product_cat","embeddable":true,"href":"https:\/\/tiendabaldini.com.ar\/index.php\/wp-json\/wp\/v2\/product_cat?post=1158"},{"taxonomy":"product_tag","embeddable":true,"href":"https:\/\/tiendabaldini.com.ar\/index.php\/wp-json\/wp\/v2\/product_tag?post=1158"}],"curies":[{"name":"wp","href":"https:\/\/api.w.org\/{rel}","templated":true}]}}