{"id":1146,"date":"2022-04-20T07:35:46","date_gmt":"2022-04-20T07:35:46","guid":{"rendered":"http:\/\/tiendabaldini.com.ar\/?post_type=product&#038;p=1146"},"modified":"2022-05-05T06:19:26","modified_gmt":"2022-05-05T06:19:26","slug":"dmso-iny-x-100-cc-equi-systems-0586","status":"publish","type":"product","link":"https:\/\/tiendabaldini.com.ar\/index.php\/product\/dmso-iny-x-100-cc-equi-systems-0586\/","title":{"rendered":"DMSO INY. X 100 CC (Equi-Systems) (0586)"},"content":{"rendered":"<p><strong>Descripci\u00f3n:<\/strong><\/p>\n<p>Antiinflamatorio. Vasodilatador. Inyectable.<\/p>\n<p><strong>Indicaciones:<\/strong><\/p>\n<p>Traumatismos del sistema nervioso central (cr\u00e1neo y m\u00e9dula espinal) Compresi\u00f3n medular y mialgias dorsales lumbares de origen neurol\u00f3gico.\u00a0Endotoxemia.\u00a0Laminitis.\u00a0Neumon\u00eda.\u00a0Pleuritis.\u00a0Artritis s\u00e9ptica.\u00a0Meningitis neonatal.\u00a0Encefalomielitis equina del este.\u00a0Mieloencefalomielitis protozoaria equina.\u00a0EIPH.<\/p>\n<p><strong>Presentaci\u00f3n:<\/strong><\/p>\n<ul>\n<li>Frasco ampolla x 100 ml.<\/li>\n<\/ul>\n","protected":false},"excerpt":{"rendered":"<p><strong>Descripci\u00f3n:<\/strong><\/p>\n<p>Antiinflamatorio. Vasodilatador. Inyectable.<\/p>\n<p><strong>Indicaciones:<\/strong><\/p>\n<p>Traumatismos del sistema nervioso central (cr\u00e1neo y m\u00e9dula espinal) Compresi\u00f3n medular y mialgias dorsales lumbares de origen neurol\u00f3gico.\u00a0Endotoxemia.\u00a0Laminitis.\u00a0Neumon\u00eda.\u00a0Pleuritis.\u00a0Artritis s\u00e9ptica.\u00a0Meningitis neonatal.\u00a0Encefalomielitis equina del este.\u00a0Mieloencefalomielitis protozoaria equina.\u00a0EIPH.<\/p>\n<p><strong>Presentaci\u00f3n:<\/strong><\/p>\n<ul>\n<li>Frasco ampolla x 100 ml.<\/li>\n<\/ul>\n","protected":false},"featured_media":1145,"template":"","meta":[],"product_cat":[261,196,19,28],"product_tag":[38,262,264],"_links":{"self":[{"href":"https:\/\/tiendabaldini.com.ar\/index.php\/wp-json\/wp\/v2\/product\/1146"}],"collection":[{"href":"https:\/\/tiendabaldini.com.ar\/index.php\/wp-json\/wp\/v2\/product"}],"about":[{"href":"https:\/\/tiendabaldini.com.ar\/index.php\/wp-json\/wp\/v2\/types\/product"}],"wp:featuredmedia":[{"embeddable":true,"href":"https:\/\/tiendabaldini.com.ar\/index.php\/wp-json\/wp\/v2\/media\/1145"}],"wp:attachment":[{"href":"https:\/\/tiendabaldini.com.ar\/index.php\/wp-json\/wp\/v2\/media?parent=1146"}],"wp:term":[{"taxonomy":"product_cat","embeddable":true,"href":"https:\/\/tiendabaldini.com.ar\/index.php\/wp-json\/wp\/v2\/product_cat?post=1146"},{"taxonomy":"product_tag","embeddable":true,"href":"https:\/\/tiendabaldini.com.ar\/index.php\/wp-json\/wp\/v2\/product_tag?post=1146"}],"curies":[{"name":"wp","href":"https:\/\/api.w.org\/{rel}","templated":true}]}}