{"id":1137,"date":"2022-04-20T07:10:53","date_gmt":"2022-04-20T07:10:53","guid":{"rendered":"http:\/\/tiendabaldini.com.ar\/?post_type=product&#038;p=1137"},"modified":"2022-05-05T06:20:16","modified_gmt":"2022-05-05T06:20:16","slug":"clenbuterol-jarabe-x-500-cc-equi-systems-0582","status":"publish","type":"product","link":"https:\/\/tiendabaldini.com.ar\/index.php\/product\/clenbuterol-jarabe-x-500-cc-equi-systems-0582\/","title":{"rendered":"CLENBUTEROL JARABE x 500 cc (Equi-Systems) (0582)"},"content":{"rendered":"<p><strong>Descripci\u00f3n:<\/strong><\/p>\n<p>Broncodilatador. Secretol\u00edtico. Jarabe para administraci\u00f3n v\u00eda oral.<\/p>\n<p><strong>Indicaciones:<\/strong><\/p>\n<p>Tratamiento de las enfermedades respiratorias de los equinos donde predominen los espasmos bronquiales (EPOC). Tos. Disnea. Bronquitis y bronquiolitis infecciosas (como coadyuvante) y alergias. Neumon\u00edas.<\/p>\n<p><strong>Presentaci\u00f3n:<\/strong><\/p>\n<ul>\n<li>Envase x 500 ml.<\/li>\n<\/ul>\n","protected":false},"excerpt":{"rendered":"<p><strong>Descripci\u00f3n:<\/strong><\/p>\n<p>Broncodilatador. Secretol\u00edtico. Jarabe para administraci\u00f3n v\u00eda oral.<\/p>\n<p><strong>Indicaciones:<\/strong><\/p>\n<p>Tratamiento de las enfermedades respiratorias de los equinos donde predominen los espasmos bronquiales (EPOC). Tos. Disnea. Bronquitis y bronquiolitis infecciosas (como coadyuvante) y alergias. Neumon\u00edas.<\/p>\n<p><strong>Presentaci\u00f3n:<\/strong><\/p>\n<ul>\n<li>Envase x 500 ml.<\/li>\n<\/ul>\n","protected":false},"featured_media":1138,"template":"","meta":[],"product_cat":[261,196,19,29],"product_tag":[94,113,262,263],"_links":{"self":[{"href":"https:\/\/tiendabaldini.com.ar\/index.php\/wp-json\/wp\/v2\/product\/1137"}],"collection":[{"href":"https:\/\/tiendabaldini.com.ar\/index.php\/wp-json\/wp\/v2\/product"}],"about":[{"href":"https:\/\/tiendabaldini.com.ar\/index.php\/wp-json\/wp\/v2\/types\/product"}],"wp:featuredmedia":[{"embeddable":true,"href":"https:\/\/tiendabaldini.com.ar\/index.php\/wp-json\/wp\/v2\/media\/1138"}],"wp:attachment":[{"href":"https:\/\/tiendabaldini.com.ar\/index.php\/wp-json\/wp\/v2\/media?parent=1137"}],"wp:term":[{"taxonomy":"product_cat","embeddable":true,"href":"https:\/\/tiendabaldini.com.ar\/index.php\/wp-json\/wp\/v2\/product_cat?post=1137"},{"taxonomy":"product_tag","embeddable":true,"href":"https:\/\/tiendabaldini.com.ar\/index.php\/wp-json\/wp\/v2\/product_tag?post=1137"}],"curies":[{"name":"wp","href":"https:\/\/api.w.org\/{rel}","templated":true}]}}