{"id":1135,"date":"2022-04-20T07:01:51","date_gmt":"2022-04-20T07:01:51","guid":{"rendered":"http:\/\/tiendabaldini.com.ar\/?post_type=product&#038;p=1135"},"modified":"2022-05-05T06:20:27","modified_gmt":"2022-05-05T06:20:27","slug":"clenbuterol-jarabe-x-1-lt-equi-systems-0581","status":"publish","type":"product","link":"https:\/\/tiendabaldini.com.ar\/index.php\/product\/clenbuterol-jarabe-x-1-lt-equi-systems-0581\/","title":{"rendered":"CLENBUTEROL JARABE x 1 LT (Equi-Systems) (0581)"},"content":{"rendered":"<p><strong>Descripci\u00f3n:<\/strong><\/p>\n<p>Broncodilatador. Secretol\u00edtico. Jarabe para administraci\u00f3n v\u00eda oral.<\/p>\n<p><strong>Indicaciones:<\/strong><\/p>\n<p>Tratamiento de las enfermedades respiratorias de los equinos donde predominen los espasmos bronquiales (EPOC). Tos. Disnea. Bronquitis y bronquiolitis infecciosas (como coadyuvante) y alergias. Neumon\u00edas.<\/p>\n<p><strong>Presentaci\u00f3n:<\/strong><\/p>\n<ul>\n<li>Envase x 1 L.<\/li>\n<\/ul>\n","protected":false},"excerpt":{"rendered":"<p><strong>Descripci\u00f3n:<\/strong><\/p>\n<p>Broncodilatador. Secretol\u00edtico. Jarabe para administraci\u00f3n v\u00eda oral.<\/p>\n<p><strong>Indicaciones:<\/strong><\/p>\n<p>Tratamiento de las enfermedades respiratorias de los equinos donde predominen los espasmos bronquiales (EPOC). Tos. Disnea. Bronquitis y bronquiolitis infecciosas (como coadyuvante) y alergias. Neumon\u00edas.<\/p>\n<p><strong>Presentaci\u00f3n:<\/strong><\/p>\n<ul>\n<li>Envase x 1 L.<\/li>\n<\/ul>\n","protected":false},"featured_media":1136,"template":"","meta":[],"product_cat":[261,196,19,29],"product_tag":[94,113,262,263],"_links":{"self":[{"href":"https:\/\/tiendabaldini.com.ar\/index.php\/wp-json\/wp\/v2\/product\/1135"}],"collection":[{"href":"https:\/\/tiendabaldini.com.ar\/index.php\/wp-json\/wp\/v2\/product"}],"about":[{"href":"https:\/\/tiendabaldini.com.ar\/index.php\/wp-json\/wp\/v2\/types\/product"}],"wp:featuredmedia":[{"embeddable":true,"href":"https:\/\/tiendabaldini.com.ar\/index.php\/wp-json\/wp\/v2\/media\/1136"}],"wp:attachment":[{"href":"https:\/\/tiendabaldini.com.ar\/index.php\/wp-json\/wp\/v2\/media?parent=1135"}],"wp:term":[{"taxonomy":"product_cat","embeddable":true,"href":"https:\/\/tiendabaldini.com.ar\/index.php\/wp-json\/wp\/v2\/product_cat?post=1135"},{"taxonomy":"product_tag","embeddable":true,"href":"https:\/\/tiendabaldini.com.ar\/index.php\/wp-json\/wp\/v2\/product_tag?post=1135"}],"curies":[{"name":"wp","href":"https:\/\/api.w.org\/{rel}","templated":true}]}}