{"id":1129,"date":"2022-04-19T10:09:33","date_gmt":"2022-04-19T10:09:33","guid":{"rendered":"http:\/\/tiendabaldini.com.ar\/?post_type=product&#038;p=1129"},"modified":"2022-05-05T06:21:16","modified_gmt":"2022-05-05T06:21:16","slug":"bromhexina-iny-x-100-ml-equi-systems-0575","status":"publish","type":"product","link":"https:\/\/tiendabaldini.com.ar\/index.php\/product\/bromhexina-iny-x-100-ml-equi-systems-0575\/","title":{"rendered":"BROMHEXINA INY x 100 ML (Equi-Systems) (0575)"},"content":{"rendered":"<p><strong>Descripci\u00f3n:<\/strong><\/p>\n<p>Mucol\u00edtico. Expectorante. Inyectable.<\/p>\n<p><strong>Indicaciones:<\/strong><\/p>\n<p>Bronquitis aguda y cr\u00f3nica.\u00a0Tos seca (irritante), Enfermedad Pulmonar Obstructiva Cr\u00f3nica, Afecciones virales pulmonares (como tratamiento sintom\u00e1tico). Adenitis equina. En toda afecci\u00f3n bronquial donde sea necesario reducir la viscosidad de la mucosidad y favorecer la expectoraci\u00f3n.<\/p>\n<p><strong>Presentaci\u00f3n:<\/strong><\/p>\n<ul>\n<li>Frasco x 100 ml.<\/li>\n<\/ul>\n","protected":false},"excerpt":{"rendered":"<p><strong>Descripci\u00f3n:<\/strong><\/p>\n<p>Mucol\u00edtico. Expectorante. Inyectable.<\/p>\n<p><strong>Indicaciones:<\/strong><\/p>\n<p>Bronquitis aguda y cr\u00f3nica.\u00a0Tos seca (irritante), Enfermedad Pulmonar Obstructiva Cr\u00f3nica, Afecciones virales pulmonares (como tratamiento sintom\u00e1tico). Adenitis equina. En toda afecci\u00f3n bronquial donde sea necesario reducir la viscosidad de la mucosidad y favorecer la expectoraci\u00f3n.<\/p>\n<p><strong>Presentaci\u00f3n:<\/strong><\/p>\n<ul>\n<li>Frasco x 100 ml.<\/li>\n<\/ul>\n","protected":false},"featured_media":1130,"template":"","meta":[],"product_cat":[261,196,191,19],"product_tag":[262,92,78,85],"_links":{"self":[{"href":"https:\/\/tiendabaldini.com.ar\/index.php\/wp-json\/wp\/v2\/product\/1129"}],"collection":[{"href":"https:\/\/tiendabaldini.com.ar\/index.php\/wp-json\/wp\/v2\/product"}],"about":[{"href":"https:\/\/tiendabaldini.com.ar\/index.php\/wp-json\/wp\/v2\/types\/product"}],"wp:featuredmedia":[{"embeddable":true,"href":"https:\/\/tiendabaldini.com.ar\/index.php\/wp-json\/wp\/v2\/media\/1130"}],"wp:attachment":[{"href":"https:\/\/tiendabaldini.com.ar\/index.php\/wp-json\/wp\/v2\/media?parent=1129"}],"wp:term":[{"taxonomy":"product_cat","embeddable":true,"href":"https:\/\/tiendabaldini.com.ar\/index.php\/wp-json\/wp\/v2\/product_cat?post=1129"},{"taxonomy":"product_tag","embeddable":true,"href":"https:\/\/tiendabaldini.com.ar\/index.php\/wp-json\/wp\/v2\/product_tag?post=1129"}],"curies":[{"name":"wp","href":"https:\/\/api.w.org\/{rel}","templated":true}]}}