{"id":1127,"date":"2022-04-19T10:07:21","date_gmt":"2022-04-19T10:07:21","guid":{"rendered":"http:\/\/tiendabaldini.com.ar\/?post_type=product&#038;p=1127"},"modified":"2022-05-05T06:21:40","modified_gmt":"2022-05-05T06:21:40","slug":"bromhexina-gran-x-300-grs-equi-systems-0573","status":"publish","type":"product","link":"https:\/\/tiendabaldini.com.ar\/index.php\/product\/bromhexina-gran-x-300-grs-equi-systems-0573\/","title":{"rendered":"BROMHEXINA GRAN X 300 GRS (Equi-Systems) (0573)"},"content":{"rendered":"<p><strong>Descripci\u00f3n:<\/strong><\/p>\n<p>Polvo Mucol\u00edtico.<\/p>\n<p><strong>Indicaciones:<\/strong><\/p>\n<p>Bronquitis aguda y cr\u00f3nica, tos seca (irritante), enfermedad pulmonar obstructiva cr\u00f3nica, enfermedades virales pulmonares (gripe equina, etc.) adenitis equina.\u00a0En cualquier trastorno bronquial donde sea necesario reducir la viscosidad del esputo, favorecer la expectoraci\u00f3n y aumentar la concentraci\u00f3n de antibi\u00f3ticos e inmunoglobulinas en el moco bronquial.<\/p>\n<p><strong>Presentaci\u00f3n:<\/strong><\/p>\n<ul>\n<li>Envase x 300 grs.<\/li>\n<\/ul>\n","protected":false},"excerpt":{"rendered":"<p><strong>Descripci\u00f3n:<\/strong><\/p>\n<p>Polvo Mucol\u00edtico.<\/p>\n<p><strong>Indicaciones:<\/strong><\/p>\n<p>Bronquitis aguda y cr\u00f3nica, tos seca (irritante), enfermedad pulmonar obstructiva cr\u00f3nica, enfermedades virales pulmonares (gripe equina, etc.) adenitis equina.\u00a0En cualquier trastorno bronquial donde sea necesario reducir la viscosidad del esputo, favorecer la expectoraci\u00f3n y aumentar la concentraci\u00f3n de antibi\u00f3ticos e inmunoglobulinas en el moco bronquial.<\/p>\n<p><strong>Presentaci\u00f3n:<\/strong><\/p>\n<ul>\n<li>Envase x 300 grs.<\/li>\n<\/ul>\n","protected":false},"featured_media":1126,"template":"","meta":[],"product_cat":[261,196],"product_tag":[262,85],"_links":{"self":[{"href":"https:\/\/tiendabaldini.com.ar\/index.php\/wp-json\/wp\/v2\/product\/1127"}],"collection":[{"href":"https:\/\/tiendabaldini.com.ar\/index.php\/wp-json\/wp\/v2\/product"}],"about":[{"href":"https:\/\/tiendabaldini.com.ar\/index.php\/wp-json\/wp\/v2\/types\/product"}],"wp:featuredmedia":[{"embeddable":true,"href":"https:\/\/tiendabaldini.com.ar\/index.php\/wp-json\/wp\/v2\/media\/1126"}],"wp:attachment":[{"href":"https:\/\/tiendabaldini.com.ar\/index.php\/wp-json\/wp\/v2\/media?parent=1127"}],"wp:term":[{"taxonomy":"product_cat","embeddable":true,"href":"https:\/\/tiendabaldini.com.ar\/index.php\/wp-json\/wp\/v2\/product_cat?post=1127"},{"taxonomy":"product_tag","embeddable":true,"href":"https:\/\/tiendabaldini.com.ar\/index.php\/wp-json\/wp\/v2\/product_tag?post=1127"}],"curies":[{"name":"wp","href":"https:\/\/api.w.org\/{rel}","templated":true}]}}