{"id":1125,"date":"2022-04-19T10:00:46","date_gmt":"2022-04-19T10:00:46","guid":{"rendered":"http:\/\/tiendabaldini.com.ar\/?post_type=product&#038;p=1125"},"modified":"2022-04-19T10:07:05","modified_gmt":"2022-04-19T10:07:05","slug":"bromhexina-gran-x-150-grs-equi-systems-0572","status":"publish","type":"product","link":"https:\/\/tiendabaldini.com.ar\/index.php\/product\/bromhexina-gran-x-150-grs-equi-systems-0572\/","title":{"rendered":"BROMHEXINA GRAN X 150 GRS (Equi-Systems) (0572)"},"content":{"rendered":"<p><strong>Descripci\u00f3n:<\/strong><\/p>\n<p>Polvo Mucol\u00edtico.<\/p>\n<p><strong>Indicaciones:<\/strong><\/p>\n<p>Bronquitis aguda y cr\u00f3nica, tos seca (irritante), enfermedad pulmonar obstructiva cr\u00f3nica, enfermedades virales pulmonares (gripe equina, etc.) adenitis equina.\u00a0En cualquier trastorno bronquial donde sea necesario reducir la viscosidad del esputo, favorecer la expectoraci\u00f3n y aumentar la concentraci\u00f3n de antibi\u00f3ticos e inmunoglobulinas en el moco bronquial.<\/p>\n<ul>\n<li>Envase x 150 grs.<\/li>\n<\/ul>\n","protected":false},"excerpt":{"rendered":"<p><strong>Descripci\u00f3n:<\/strong><\/p>\n<p>Polvo Mucol\u00edtico.<\/p>\n<p><strong>Indicaciones:<\/strong><\/p>\n<p><span>Bronquitis aguda y cr\u00f3nica, tos seca (irritante), enfermedad pulmonar obstructiva cr\u00f3nica, enfermedades virales pulmonares (gripe equina, etc.) adenitis equina.\u00a0<\/span><span>En cualquier trastorno bronquial donde sea necesario reducir la viscosidad del esputo, favorecer la expectoraci\u00f3n y aumentar la concentraci\u00f3n de antibi\u00f3ticos e inmunoglobulinas en el moco bronquial.\u00a0<\/span><\/p>\n<ul>\n<li>Envase x 150 grs.<\/li>\n<\/ul>\n","protected":false},"featured_media":1126,"template":"","meta":[],"product_cat":[261,196],"product_tag":[262,85],"_links":{"self":[{"href":"https:\/\/tiendabaldini.com.ar\/index.php\/wp-json\/wp\/v2\/product\/1125"}],"collection":[{"href":"https:\/\/tiendabaldini.com.ar\/index.php\/wp-json\/wp\/v2\/product"}],"about":[{"href":"https:\/\/tiendabaldini.com.ar\/index.php\/wp-json\/wp\/v2\/types\/product"}],"wp:featuredmedia":[{"embeddable":true,"href":"https:\/\/tiendabaldini.com.ar\/index.php\/wp-json\/wp\/v2\/media\/1126"}],"wp:attachment":[{"href":"https:\/\/tiendabaldini.com.ar\/index.php\/wp-json\/wp\/v2\/media?parent=1125"}],"wp:term":[{"taxonomy":"product_cat","embeddable":true,"href":"https:\/\/tiendabaldini.com.ar\/index.php\/wp-json\/wp\/v2\/product_cat?post=1125"},{"taxonomy":"product_tag","embeddable":true,"href":"https:\/\/tiendabaldini.com.ar\/index.php\/wp-json\/wp\/v2\/product_tag?post=1125"}],"curies":[{"name":"wp","href":"https:\/\/api.w.org\/{rel}","templated":true}]}}