{"id":1099,"date":"2022-04-19T09:00:59","date_gmt":"2022-04-19T09:00:59","guid":{"rendered":"http:\/\/tiendabaldini.com.ar\/?post_type=product&#038;p=1099"},"modified":"2022-04-19T09:11:24","modified_gmt":"2022-04-19T09:11:24","slug":"osteocart-x-700-gr-0533","status":"publish","type":"product","link":"https:\/\/tiendabaldini.com.ar\/index.php\/product\/osteocart-x-700-gr-0533\/","title":{"rendered":"OSTEOCART x 700 GR (0533)"},"content":{"rendered":"<p><strong>Descripci\u00f3n:<\/strong><\/p>\n<p>Regenerador Osteoarticular. Polvo de uso oral.<\/p>\n<p><strong>Indicaciones:<\/strong><\/p>\n<p>Artrosis. Osteoartritis. Espondiloartrosis. Condroprotecci\u00f3n (ej.: uso prolongado de corticoides sist\u00e9micos). Potrillos: Favorece la condrog\u00e9nesis y fortifica las articulaciones. Entrenamiento intenso del equino deportivo<\/p>\n<ul>\n<li>Envase x 700 grs.<\/li>\n<\/ul>\n","protected":false},"excerpt":{"rendered":"<p><strong>Descripci\u00f3n:<\/strong><\/p>\n<p>Regenerador Osteoarticular. Polvo de uso oral.<\/p>\n<p><strong>Indicaciones:<\/strong><\/p>\n<p>Artrosis. Osteoartritis. Espondiloartrosis. Condroprotecci\u00f3n (ej.: uso prolongado de corticoides sist\u00e9micos). Potrillos: Favorece la condrog\u00e9nesis y fortifica las articulaciones. Entrenamiento intenso del equino deportivo<\/p>\n<ul>\n<li>Envase x 700 grs.<\/li>\n<\/ul>\n","protected":false},"featured_media":1100,"template":"","meta":[],"product_cat":[247,196],"product_tag":[250,252,251],"_links":{"self":[{"href":"https:\/\/tiendabaldini.com.ar\/index.php\/wp-json\/wp\/v2\/product\/1099"}],"collection":[{"href":"https:\/\/tiendabaldini.com.ar\/index.php\/wp-json\/wp\/v2\/product"}],"about":[{"href":"https:\/\/tiendabaldini.com.ar\/index.php\/wp-json\/wp\/v2\/types\/product"}],"wp:featuredmedia":[{"embeddable":true,"href":"https:\/\/tiendabaldini.com.ar\/index.php\/wp-json\/wp\/v2\/media\/1100"}],"wp:attachment":[{"href":"https:\/\/tiendabaldini.com.ar\/index.php\/wp-json\/wp\/v2\/media?parent=1099"}],"wp:term":[{"taxonomy":"product_cat","embeddable":true,"href":"https:\/\/tiendabaldini.com.ar\/index.php\/wp-json\/wp\/v2\/product_cat?post=1099"},{"taxonomy":"product_tag","embeddable":true,"href":"https:\/\/tiendabaldini.com.ar\/index.php\/wp-json\/wp\/v2\/product_tag?post=1099"}],"curies":[{"name":"wp","href":"https:\/\/api.w.org\/{rel}","templated":true}]}}