{"id":1097,"date":"2022-04-19T08:56:00","date_gmt":"2022-04-19T08:56:00","guid":{"rendered":"http:\/\/tiendabaldini.com.ar\/?post_type=product&#038;p=1097"},"modified":"2022-04-19T09:14:25","modified_gmt":"2022-04-19T09:14:25","slug":"flunix-x-50-cc-0530","status":"publish","type":"product","link":"https:\/\/tiendabaldini.com.ar\/index.php\/product\/flunix-x-50-cc-0530\/","title":{"rendered":"FLUNIX X 50 ml (0530)"},"content":{"rendered":"<p><strong>Descripci\u00f3n:<\/strong><\/p>\n<p>Antiinflamatorio no esteroide. Analg\u00e9sico. Antit\u00f3xico. Antipir\u00e9tico. Soluci\u00f3n inyectable.<\/p>\n<p><strong>Indicaciones:<\/strong><\/p>\n<p>Tratamiento de inflamaciones musculoesquel\u00e9ticas o artr\u00edticas. C\u00f3lico en la especie equina.<\/p>\n<ul>\n<li>Envase x 50 ml.<\/li>\n<\/ul>\n","protected":false},"excerpt":{"rendered":"<p><strong>Descripci\u00f3n:<\/strong><\/p>\n<p>Antiinflamatorio no esteroide. Analg\u00e9sico. Antit\u00f3xico. Antipir\u00e9tico. Soluci\u00f3n inyectable.<\/p>\n<p><strong>Indicaciones:<\/strong><\/p>\n<p>Tratamiento de inflamaciones musculoesquel\u00e9ticas o artr\u00edticas. C\u00f3lico en la especie equina.<\/p>\n<ul>\n<li>Envase x 50 ml.<\/li>\n<\/ul>\n","protected":false},"featured_media":1098,"template":"","meta":[],"product_cat":[247,196,28],"product_tag":[79,38,86,178,250,78],"_links":{"self":[{"href":"https:\/\/tiendabaldini.com.ar\/index.php\/wp-json\/wp\/v2\/product\/1097"}],"collection":[{"href":"https:\/\/tiendabaldini.com.ar\/index.php\/wp-json\/wp\/v2\/product"}],"about":[{"href":"https:\/\/tiendabaldini.com.ar\/index.php\/wp-json\/wp\/v2\/types\/product"}],"wp:featuredmedia":[{"embeddable":true,"href":"https:\/\/tiendabaldini.com.ar\/index.php\/wp-json\/wp\/v2\/media\/1098"}],"wp:attachment":[{"href":"https:\/\/tiendabaldini.com.ar\/index.php\/wp-json\/wp\/v2\/media?parent=1097"}],"wp:term":[{"taxonomy":"product_cat","embeddable":true,"href":"https:\/\/tiendabaldini.com.ar\/index.php\/wp-json\/wp\/v2\/product_cat?post=1097"},{"taxonomy":"product_tag","embeddable":true,"href":"https:\/\/tiendabaldini.com.ar\/index.php\/wp-json\/wp\/v2\/product_tag?post=1097"}],"curies":[{"name":"wp","href":"https:\/\/api.w.org\/{rel}","templated":true}]}}