{"id":1093,"date":"2022-03-26T14:41:37","date_gmt":"2022-03-26T14:41:37","guid":{"rendered":"http:\/\/tiendabaldini.com.ar\/?post_type=product&#038;p=1093"},"modified":"2022-04-19T09:14:58","modified_gmt":"2022-04-19T09:14:58","slug":"flunix-pasta-30g-3393","status":"publish","type":"product","link":"https:\/\/tiendabaldini.com.ar\/index.php\/product\/flunix-pasta-30g-3393\/","title":{"rendered":"FLUNIX PASTA 30g (3393)"},"content":{"rendered":"<p><strong>Descripci\u00f3n:<\/strong><\/p>\n<p>Pasta saborizada antiinflamatoria no esteroidea, analg\u00e9sica, antit\u00f3xica y antipir\u00e9tica.<\/p>\n<p><strong>Indicaciones:<\/strong><\/p>\n<p>Tratamiento de inflamaciones musculoesquel\u00e9ticas o artr\u00edticas. C\u00f3lico en la especie equina.<\/p>\n<ul>\n<li>Pomo x 30 grs.<\/li>\n<\/ul>\n","protected":false},"excerpt":{"rendered":"<p><strong>Descripci\u00f3n:<\/strong><\/p>\n<p>Pasta saborizada antiinflamatoria no esteroidea, analg\u00e9sica, antit\u00f3xica y antipir\u00e9tica.<\/p>\n<p><strong>Indicaciones:<\/strong><\/p>\n<p>Tratamiento de inflamaciones musculoesquel\u00e9ticas o artr\u00edticas. C\u00f3lico en la especie equina.<\/p>\n<ul>\n<li>Pomo x 30 grs.<\/li>\n<\/ul>\n","protected":false},"featured_media":1096,"template":"","meta":[],"product_cat":[247,196,28],"product_tag":[79,38,86,178,250],"_links":{"self":[{"href":"https:\/\/tiendabaldini.com.ar\/index.php\/wp-json\/wp\/v2\/product\/1093"}],"collection":[{"href":"https:\/\/tiendabaldini.com.ar\/index.php\/wp-json\/wp\/v2\/product"}],"about":[{"href":"https:\/\/tiendabaldini.com.ar\/index.php\/wp-json\/wp\/v2\/types\/product"}],"wp:featuredmedia":[{"embeddable":true,"href":"https:\/\/tiendabaldini.com.ar\/index.php\/wp-json\/wp\/v2\/media\/1096"}],"wp:attachment":[{"href":"https:\/\/tiendabaldini.com.ar\/index.php\/wp-json\/wp\/v2\/media?parent=1093"}],"wp:term":[{"taxonomy":"product_cat","embeddable":true,"href":"https:\/\/tiendabaldini.com.ar\/index.php\/wp-json\/wp\/v2\/product_cat?post=1093"},{"taxonomy":"product_tag","embeddable":true,"href":"https:\/\/tiendabaldini.com.ar\/index.php\/wp-json\/wp\/v2\/product_tag?post=1093"}],"curies":[{"name":"wp","href":"https:\/\/api.w.org\/{rel}","templated":true}]}}