{"id":1091,"date":"2022-03-26T14:22:11","date_gmt":"2022-03-26T14:22:11","guid":{"rendered":"http:\/\/tiendabaldini.com.ar\/?post_type=product&#038;p=1091"},"modified":"2022-04-19T09:13:53","modified_gmt":"2022-04-19T09:13:53","slug":"crema-6-a-equinos-0523","status":"publish","type":"product","link":"https:\/\/tiendabaldini.com.ar\/index.php\/product\/crema-6-a-equinos-0523\/","title":{"rendered":"CREMA 6 A EQUINOS (0523)"},"content":{"rendered":"<p><strong>Descripci\u00f3n:<\/strong><\/p>\n<p>Crema antibi\u00f3tica. Antiinflamatoria. Antial\u00e9rgica. Antipruriginosa, anest\u00e9sica y antif\u00fangica.<\/p>\n<p><strong>Indicaciones:<\/strong><\/p>\n<p>Cualquier lesi\u00f3n en la piel, infectada o no.\u00a0Lesiones pruriginosas. Todas las dermatitis no virales o tuberculosas. Especialmente indicado para lesiones de la espalda debidas a los montes, arest\u00edn, heridas de la cuartilla y todas aquellas de los miembros donde es probable la infecci\u00f3n.<\/p>\n<ul>\n<li>Pomo x 100 grs.<\/li>\n<\/ul>\n","protected":false},"excerpt":{"rendered":"<p><strong>Descripci\u00f3n:<\/strong><\/p>\n<p>Crema antibi\u00f3tica. Antiinflamatoria. Antial\u00e9rgica. Antipruriginosa, anest\u00e9sica y antif\u00fangica.<\/p>\n<p><strong>Indicaciones:<\/strong><\/p>\n<p>Cualquier lesi\u00f3n en la piel, infectada o no.\u00a0Lesiones pruriginosas. Todas las dermatitis no virales o tuberculosas. Especialmente indicado para lesiones de la espalda debidas a los montes, arest\u00edn, heridas de la cuartilla y todas aquellas de los miembros donde es probable la infecci\u00f3n.<\/p>\n<ul>\n<li>Pomo x 100 grs.<\/li>\n<\/ul>\n","protected":false},"featured_media":1092,"template":"","meta":[],"product_cat":[247,196],"product_tag":[169,164,75,38,249,250],"_links":{"self":[{"href":"https:\/\/tiendabaldini.com.ar\/index.php\/wp-json\/wp\/v2\/product\/1091"}],"collection":[{"href":"https:\/\/tiendabaldini.com.ar\/index.php\/wp-json\/wp\/v2\/product"}],"about":[{"href":"https:\/\/tiendabaldini.com.ar\/index.php\/wp-json\/wp\/v2\/types\/product"}],"wp:featuredmedia":[{"embeddable":true,"href":"https:\/\/tiendabaldini.com.ar\/index.php\/wp-json\/wp\/v2\/media\/1092"}],"wp:attachment":[{"href":"https:\/\/tiendabaldini.com.ar\/index.php\/wp-json\/wp\/v2\/media?parent=1091"}],"wp:term":[{"taxonomy":"product_cat","embeddable":true,"href":"https:\/\/tiendabaldini.com.ar\/index.php\/wp-json\/wp\/v2\/product_cat?post=1091"},{"taxonomy":"product_tag","embeddable":true,"href":"https:\/\/tiendabaldini.com.ar\/index.php\/wp-json\/wp\/v2\/product_tag?post=1091"}],"curies":[{"name":"wp","href":"https:\/\/api.w.org\/{rel}","templated":true}]}}