{"id":1081,"date":"2022-03-08T02:44:44","date_gmt":"2022-03-08T02:44:44","guid":{"rendered":"http:\/\/tiendabaldini.com.ar\/?post_type=product&#038;p=1081"},"modified":"2022-03-08T02:48:13","modified_gmt":"2022-03-08T02:48:13","slug":"polvo-queloide-x-100-grs-0325","status":"publish","type":"product","link":"https:\/\/tiendabaldini.com.ar\/index.php\/product\/polvo-queloide-x-100-grs-0325\/","title":{"rendered":"POLVO QUELOIDE x 100 grs (0325)"},"content":{"rendered":"<p><strong>Descripci\u00f3n:<\/strong><\/p>\n<p>Crema de aplicaci\u00f3n local en equinos.<\/p>\n<p><strong>Indicaciones:<\/strong><\/p>\n<p>Para la prevenci\u00f3n y tratamiento del queloide (proliferaci\u00f3n excesiva de granulaci\u00f3n en heridas).<\/p>\n<ul>\n<li>Envase x 100 grs.<\/li>\n<\/ul>\n","protected":false},"excerpt":{"rendered":"<p><strong>Descripci\u00f3n:<\/strong><\/p>\n<p>Crema de aplicaci\u00f3n local en equinos.<\/p>\n<p><strong>Indicaciones:<\/strong><\/p>\n<p>Para la prevenci\u00f3n y tratamiento del queloide (proliferaci\u00f3n excesiva de granulaci\u00f3n en heridas).<\/p>\n<ul>\n<li>Envase x 100 grs.<\/li>\n<\/ul>\n","protected":false},"featured_media":1082,"template":"","meta":[],"product_cat":[180,196],"product_tag":[232,234,245],"_links":{"self":[{"href":"https:\/\/tiendabaldini.com.ar\/index.php\/wp-json\/wp\/v2\/product\/1081"}],"collection":[{"href":"https:\/\/tiendabaldini.com.ar\/index.php\/wp-json\/wp\/v2\/product"}],"about":[{"href":"https:\/\/tiendabaldini.com.ar\/index.php\/wp-json\/wp\/v2\/types\/product"}],"wp:featuredmedia":[{"embeddable":true,"href":"https:\/\/tiendabaldini.com.ar\/index.php\/wp-json\/wp\/v2\/media\/1082"}],"wp:attachment":[{"href":"https:\/\/tiendabaldini.com.ar\/index.php\/wp-json\/wp\/v2\/media?parent=1081"}],"wp:term":[{"taxonomy":"product_cat","embeddable":true,"href":"https:\/\/tiendabaldini.com.ar\/index.php\/wp-json\/wp\/v2\/product_cat?post=1081"},{"taxonomy":"product_tag","embeddable":true,"href":"https:\/\/tiendabaldini.com.ar\/index.php\/wp-json\/wp\/v2\/product_tag?post=1081"}],"curies":[{"name":"wp","href":"https:\/\/api.w.org\/{rel}","templated":true}]}}