{"id":1068,"date":"2022-03-07T13:34:31","date_gmt":"2022-03-07T13:34:31","guid":{"rendered":"http:\/\/tiendabaldini.com.ar\/?post_type=product&#038;p=1068"},"modified":"2022-03-07T13:43:45","modified_gmt":"2022-03-07T13:43:45","slug":"block-de-sal-x-16-kg-3793","status":"publish","type":"product","link":"https:\/\/tiendabaldini.com.ar\/index.php\/product\/block-de-sal-x-16-kg-3793\/","title":{"rendered":"BLOCK DE SAL x 16 Kg. (3793)"},"content":{"rendered":"<p><strong>Descripci\u00f3n:<\/strong><\/p>\n<p>Suplemento mineral.<\/p>\n<p><strong>Indicaciones:<\/strong><\/p>\n<p>Para animales en crecimiento, en plena reproducci\u00f3n, gestaci\u00f3n, training, sudoraci\u00f3n excesiva y sometidos a grandes esfuerzos.<\/p>\n<ul>\n<li>Bloque x 16 Kg.<\/li>\n<\/ul>\n","protected":false},"excerpt":{"rendered":"<p><strong>Descripci\u00f3n:<\/strong><\/p>\n<p>Suplemento mineral.<\/p>\n<p><strong>Indicaciones:<\/strong><\/p>\n<p>Para animales en crecimiento, en plena reproducci\u00f3n, gestaci\u00f3n, training, sudoraci\u00f3n excesiva y sometidos a grandes esfuerzos.<\/p>\n<ul>\n<li>Bloque x 16 Kg.<\/li>\n<\/ul>\n","protected":false},"featured_media":1069,"template":"","meta":[],"product_cat":[180,196,222,224],"product_tag":[236,232,128,235,48],"_links":{"self":[{"href":"https:\/\/tiendabaldini.com.ar\/index.php\/wp-json\/wp\/v2\/product\/1068"}],"collection":[{"href":"https:\/\/tiendabaldini.com.ar\/index.php\/wp-json\/wp\/v2\/product"}],"about":[{"href":"https:\/\/tiendabaldini.com.ar\/index.php\/wp-json\/wp\/v2\/types\/product"}],"wp:featuredmedia":[{"embeddable":true,"href":"https:\/\/tiendabaldini.com.ar\/index.php\/wp-json\/wp\/v2\/media\/1069"}],"wp:attachment":[{"href":"https:\/\/tiendabaldini.com.ar\/index.php\/wp-json\/wp\/v2\/media?parent=1068"}],"wp:term":[{"taxonomy":"product_cat","embeddable":true,"href":"https:\/\/tiendabaldini.com.ar\/index.php\/wp-json\/wp\/v2\/product_cat?post=1068"},{"taxonomy":"product_tag","embeddable":true,"href":"https:\/\/tiendabaldini.com.ar\/index.php\/wp-json\/wp\/v2\/product_tag?post=1068"}],"curies":[{"name":"wp","href":"https:\/\/api.w.org\/{rel}","templated":true}]}}